{"id":11829,"date":"2025-05-15T06:37:49","date_gmt":"2025-05-15T04:37:49","guid":{"rendered":"https:\/\/www.gotoistria.com\/?post_type=product&#038;p=11829"},"modified":"2026-04-29T07:04:38","modified_gmt":"2026-04-29T05:04:38","slug":"wycieczka-kajakiem-po-niebieskiej-jaskini-w-puli-4","status":"publish","type":"product","link":"https:\/\/www.gotoistria.com\/pl\/tour\/brijuni-kayak-tour\/","title":{"rendered":"Wycieczka kajakowa po Brijuni z ca\u0142odniowym dost\u0119pem do parku safari, muze\u00f3w i pla\u017c"},"content":{"rendered":"<p>Po wycieczce kajakowej z przewodnikiem bilet zapewnia ca\u0142odniowy dost\u0119p do Parku Narodowego Brijuni, jednego z najbardziej wyj\u0105tkowych i bogatych historycznie wyspiarskich miejsc docelowych w Chorwacji. B\u0119dziesz mie\u0107 mn\u00f3stwo czasu na samodzielne zwiedzanie wyspy. <\/p>\n<p>Oto kilka pomys\u0142\u00f3w na to, co mo\u017cna robi\u0107 po sp\u0142ywie kajakowym:<br \/>\n<\/p>\n<p>Odwied\u017a Safari Park: Zobacz z bliska zebry, lamy, strusie i s\u0142onia. W parku mieszkaj\u0105 egzotyczne zwierz\u0119ta podarowane prezydentowi Jugos\u0142awii Tito z ca\u0142ego \u015bwiata.<br \/>\n<\/p>\n<p>Odkryj muzea: Dowiedz si\u0119 wi\u0119cej o fascynuj\u0105cej przesz\u0142o\u015bci politycznej wyspy i s\u0142awnych osobach, kt\u00f3re j\u0105 odwiedzi\u0142y.<br \/>\n<\/p>\n<p>Muzeum Historii Naturalnej: Odkryj flor\u0119, faun\u0119 i histori\u0119 paleontologiczn\u0105 wyspy.<br \/>\n<\/p>\n<p>Stanowiska archeologiczne: Zwied\u017a ruiny rzymskich willi, wczesnochrze\u015bcija\u0144skie bazyliki i staro\u017cytne kamienio\u0142omy.<\/p>\n<p>Zrelaksuj si\u0119 na pla\u017cach<br \/>\nPop\u0142ywaj w krystalicznie czystej wodzie lub zrelaksuj si\u0119 w jednej ze spokojnych zatoczek Wysp Brio\u0144skich.<br \/>\nZwiedzaj wysp\u0119 we w\u0142asnym tempie \u2014 wypo\u017cyczalnie sprz\u0119tu znajduj\u0105 si\u0119 w pobli\u017cu g\u0142\u00f3wnego portu.<br \/>\n<\/p>\n<p><a href=\"https:\/\/www.np-brijuni.hr\/en\" target=\"_blank\" rel=\"noopener\">Oficjalna strona internetowa Parku Narodowego Brijuni<\/a><\/p>\n<p><strong>Aby wycieczka si\u0119 odby\u0142a, wymagane jest zebranie co najmniej 4 uczestnik\u00f3w. Rezerwacje indywidualne i w ma\u0142ych grupach s\u0105 mile widziane! Je\u015bli minimalna liczba uczestnik\u00f3w nie zostanie osi\u0105gni\u0119ta na 12 godzin przed planowanym rozpocz\u0119ciem, wycieczka zostanie odwo\u0142ana. W takim przypadku skontaktujemy si\u0119 z Tob\u0105 natychmiast i zaproponujemy Ci zmian\u0119 terminu na inny lub zwrot pe\u0142nej kwoty 100%.<\/strong><\/p>","protected":false},"excerpt":{"rendered":"<p>Do\u0142\u0105cz do wycieczki kajakowej z przewodnikiem po Parku Narodowym Brijuni \u2014 wios\u0142uj do ukrytych pla\u017c, nurkuj w krystalicznie czystych zatokach i zwiedzaj Fort Minor, jedn\u0105 z najwi\u0119kszych przybrze\u017cnych fortec Adriatyku. Tw\u00f3j bilet obejmuje ca\u0142odniowy dost\u0119p do Parku Safari Brijuni, muze\u00f3w i pla\u017c.<\/p>","protected":false},"featured_media":11840,"comment_status":"open","ping_status":"closed","template":"","meta":{"_acf_changed":false,"inline_featured_image":false},"product_brand":[],"product_cat":[16,26],"product_tag":[43],"class_list":{"0":"post-11829","1":"product","2":"type-product","3":"status-publish","4":"has-post-thumbnail","6":"product_cat-kayak-tours","7":"product_cat-snorkeling-swimming-tour","8":"product_tag-kayak-tour-pula","10":"first","11":"instock","12":"virtual","13":"taxable","14":"product-type-simple"},"acf":[],"yoast_head":"<!-- This site is optimized with the Yoast SEO Premium plugin v26.9 (Yoast SEO v27.5) - https:\/\/yoast.com\/product\/yoast-seo-premium-wordpress\/ -->\n<title>Brijuni Kayak Tour with Full-Day Access to Safari Park, Museums &amp; Beaches - Go To Istria<\/title>\n<meta name=\"description\" content=\"Enjoy the ultimate day of fun with our TOP rated Pula kayak tour Blue cave with snorkeling . Immerse yourself in pristine nature of Pula coastline.\" \/>\n<meta name=\"robots\" content=\"index, follow, max-snippet:-1, max-image-preview:large, max-video-preview:-1\" \/>\n<link rel=\"canonical\" href=\"https:\/\/www.gotoistria.com\/pl\/wycieczka\/wycieczka-kajakiem-po-niebieskiej-jaskini-w-puli-4\/\" \/>\n<meta property=\"og:locale\" content=\"pl_PL\" \/>\n<meta property=\"og:type\" content=\"article\" \/>\n<meta property=\"og:title\" content=\"Brijuni Kayak Tour with Full-Day Access to Safari Park, Museums &amp; Beaches\" \/>\n<meta property=\"og:description\" content=\"Join a guided kayak tour through Brijuni National Park\u2014paddle to hidden beaches, snorkel in crystal-clear bays, and explore Fort Minor, one of the Adriatic\u2019s largest coastal fortresses. Your ticket includes full-day access to Brijuni\u2019s Safari Park, museums, and beaches.\" \/>\n<meta property=\"og:url\" content=\"https:\/\/www.gotoistria.com\/pl\/wycieczka\/wycieczka-kajakiem-po-niebieskiej-jaskini-w-puli-4\/\" \/>\n<meta property=\"og:site_name\" content=\"Go To Istria\" \/>\n<meta property=\"article:publisher\" content=\"https:\/\/www.facebook.com\/gotoistria\" \/>\n<meta property=\"article:modified_time\" content=\"2026-04-29T05:04:38+00:00\" \/>\n<meta property=\"og:image\" content=\"https:\/\/www.gotoistria.com\/wp-content\/uploads\/2025\/05\/Brijuni-Kayak-Tour-with-Full-Day-Access-to-Safari-Park-Museums-Beaches-1.jpg\" \/>\n\t<meta property=\"og:image:width\" content=\"1920\" \/>\n\t<meta property=\"og:image:height\" content=\"894\" \/>\n\t<meta property=\"og:image:type\" content=\"image\/jpeg\" \/>\n<script type=\"application\/ld+json\" class=\"yoast-schema-graph\">{\"@context\":\"https:\\\/\\\/schema.org\",\"@graph\":[{\"@type\":\"WebPage\",\"@id\":\"https:\\\/\\\/www.gotoistria.com\\\/tour\\\/brijuni-kayak-tour\\\/\",\"url\":\"https:\\\/\\\/www.gotoistria.com\\\/tour\\\/brijuni-kayak-tour\\\/\",\"name\":\"Brijuni Kayak Tour with Full-Day Access to Safari Park, Museums & Beaches - Go To Istria\",\"isPartOf\":{\"@id\":\"https:\\\/\\\/www.gotoistria.com\\\/#website\"},\"primaryImageOfPage\":{\"@id\":\"https:\\\/\\\/www.gotoistria.com\\\/tour\\\/brijuni-kayak-tour\\\/#primaryimage\"},\"image\":{\"@id\":\"https:\\\/\\\/www.gotoistria.com\\\/tour\\\/brijuni-kayak-tour\\\/#primaryimage\"},\"thumbnailUrl\":\"https:\\\/\\\/www.gotoistria.com\\\/wp-content\\\/uploads\\\/2025\\\/05\\\/Brijuni-Kayak-Tour-with-Full-Day-Access-to-Safari-Park-Museums-Beaches-1.jpg\",\"datePublished\":\"2025-05-15T04:37:49+00:00\",\"dateModified\":\"2026-04-29T05:04:38+00:00\",\"description\":\"Enjoy the ultimate day of fun with our TOP rated Pula kayak tour Blue cave with snorkeling . Immerse yourself in pristine nature of Pula coastline.\",\"breadcrumb\":{\"@id\":\"https:\\\/\\\/www.gotoistria.com\\\/tour\\\/brijuni-kayak-tour\\\/#breadcrumb\"},\"inLanguage\":\"pl-PL\",\"potentialAction\":[{\"@type\":\"ReadAction\",\"target\":[\"https:\\\/\\\/www.gotoistria.com\\\/tour\\\/brijuni-kayak-tour\\\/\"]}]},{\"@type\":\"ImageObject\",\"inLanguage\":\"pl-PL\",\"@id\":\"https:\\\/\\\/www.gotoistria.com\\\/tour\\\/brijuni-kayak-tour\\\/#primaryimage\",\"url\":\"https:\\\/\\\/www.gotoistria.com\\\/wp-content\\\/uploads\\\/2025\\\/05\\\/Brijuni-Kayak-Tour-with-Full-Day-Access-to-Safari-Park-Museums-Beaches-1.jpg\",\"contentUrl\":\"https:\\\/\\\/www.gotoistria.com\\\/wp-content\\\/uploads\\\/2025\\\/05\\\/Brijuni-Kayak-Tour-with-Full-Day-Access-to-Safari-Park-Museums-Beaches-1.jpg\",\"width\":1920,\"height\":894},{\"@type\":\"BreadcrumbList\",\"@id\":\"https:\\\/\\\/www.gotoistria.com\\\/tour\\\/brijuni-kayak-tour\\\/#breadcrumb\",\"itemListElement\":[{\"@type\":\"ListItem\",\"position\":1,\"name\":\"Home\",\"item\":\"https:\\\/\\\/www.gotoistria.com\\\/\"},{\"@type\":\"ListItem\",\"position\":2,\"name\":\"Istria Kayak and Outdoor Tours\",\"item\":\"https:\\\/\\\/www.gotoistria.com\\\/?page_id=2019\"},{\"@type\":\"ListItem\",\"position\":3,\"name\":\"Kayak tours\",\"item\":\"https:\\\/\\\/www.gotoistria.com\\\/cat\\\/kayak-tours\\\/\"},{\"@type\":\"ListItem\",\"position\":4,\"name\":\"Brijuni Kayak Tour with Full-Day Access to Safari Park, Museums &#038; Beaches\"}]},{\"@type\":\"WebSite\",\"@id\":\"https:\\\/\\\/www.gotoistria.com\\\/#website\",\"url\":\"https:\\\/\\\/www.gotoistria.com\\\/\",\"name\":\"Go To Istria\",\"description\":\"Enjoy the best if Istria | Sports, kayak tours, adventure tours in Pula, Istria\",\"publisher\":{\"@id\":\"https:\\\/\\\/www.gotoistria.com\\\/#organization\"},\"potentialAction\":[{\"@type\":\"SearchAction\",\"target\":{\"@type\":\"EntryPoint\",\"urlTemplate\":\"https:\\\/\\\/www.gotoistria.com\\\/?s={search_term_string}\"},\"query-input\":{\"@type\":\"PropertyValueSpecification\",\"valueRequired\":true,\"valueName\":\"search_term_string\"}}],\"inLanguage\":\"pl-PL\"},{\"@type\":\"Organization\",\"@id\":\"https:\\\/\\\/www.gotoistria.com\\\/#organization\",\"name\":\"TOP kayak tour Pula - Go To Istria\",\"alternateName\":\"GoToIstria\",\"url\":\"https:\\\/\\\/www.gotoistria.com\\\/\",\"logo\":{\"@type\":\"ImageObject\",\"inLanguage\":\"pl-PL\",\"@id\":\"https:\\\/\\\/www.gotoistria.com\\\/#\\\/schema\\\/logo\\\/image\\\/\",\"url\":\"https:\\\/\\\/www.gotoistria.com\\\/wp-content\\\/uploads\\\/2022\\\/05\\\/favicon-go-to-istria-1.svg\",\"contentUrl\":\"https:\\\/\\\/www.gotoistria.com\\\/wp-content\\\/uploads\\\/2022\\\/05\\\/favicon-go-to-istria-1.svg\",\"width\":100,\"height\":100,\"caption\":\"TOP kayak tour Pula - Go To Istria\"},\"image\":{\"@id\":\"https:\\\/\\\/www.gotoistria.com\\\/#\\\/schema\\\/logo\\\/image\\\/\"},\"sameAs\":[\"https:\\\/\\\/www.facebook.com\\\/gotoistria\",\"https:\\\/\\\/www.tripadvisor.com\\\/Attraction_Review-g295373-d23963090-Reviews-Go_To_Istria-Pula_Istria.html\",\"https:\\\/\\\/www.instagram.com\\\/gotoistria\\\/\",\"https:\\\/\\\/www.getyourguide.com\\\/go-to-istria-s246981\\\/\"]}]}<\/script>\n<meta property=\"product:price:currency\" content=\"EUR\" \/>\n<meta property=\"og:availability\" content=\"instock\" \/>\n<meta property=\"product:availability\" content=\"instock\" \/>\n<meta property=\"product:condition\" content=\"new\" \/>\n<!-- \/ Yoast SEO Premium plugin. -->","yoast_head_json":{"title":"Wycieczka kajakowa po Brijuni z ca\u0142odniowym dost\u0119pem do parku safari, muze\u00f3w i pla\u017c - Go To Istria","description":"Ciesz si\u0119 najlepszym dniem zabawy podczas naszej najwy\u017cej ocenianej wycieczki kajakiem po Puli B\u0142\u0119kitna Jaskinia z snorkelingiem. Zanurz si\u0119 w dziewiczej przyrodzie wybrze\u017ca Puli.","robots":{"index":"index","follow":"follow","max-snippet":"max-snippet:-1","max-image-preview":"max-image-preview:large","max-video-preview":"max-video-preview:-1"},"canonical":"https:\/\/www.gotoistria.com\/pl\/wycieczka\/wycieczka-kajakiem-po-niebieskiej-jaskini-w-puli-4\/","og_locale":"pl_PL","og_type":"article","og_title":"Brijuni Kayak Tour with Full-Day Access to Safari Park, Museums & Beaches","og_description":"Join a guided kayak tour through Brijuni National Park\u2014paddle to hidden beaches, snorkel in crystal-clear bays, and explore Fort Minor, one of the Adriatic\u2019s largest coastal fortresses. Your ticket includes full-day access to Brijuni\u2019s Safari Park, museums, and beaches.","og_url":"https:\/\/www.gotoistria.com\/pl\/wycieczka\/wycieczka-kajakiem-po-niebieskiej-jaskini-w-puli-4\/","og_site_name":"Go To Istria","article_publisher":"https:\/\/www.facebook.com\/gotoistria","article_modified_time":"2026-04-29T05:04:38+00:00","og_image":[{"width":1920,"height":894,"url":"https:\/\/www.gotoistria.com\/wp-content\/uploads\/2025\/05\/Brijuni-Kayak-Tour-with-Full-Day-Access-to-Safari-Park-Museums-Beaches-1.jpg","type":"image\/jpeg"}],"schema":{"@context":"https:\/\/schema.org","@graph":[{"@type":"WebPage","@id":"https:\/\/www.gotoistria.com\/tour\/brijuni-kayak-tour\/","url":"https:\/\/www.gotoistria.com\/tour\/brijuni-kayak-tour\/","name":"Wycieczka kajakowa po Brijuni z ca\u0142odniowym dost\u0119pem do parku safari, muze\u00f3w i pla\u017c - Go To Istria","isPartOf":{"@id":"https:\/\/www.gotoistria.com\/#website"},"primaryImageOfPage":{"@id":"https:\/\/www.gotoistria.com\/tour\/brijuni-kayak-tour\/#primaryimage"},"image":{"@id":"https:\/\/www.gotoistria.com\/tour\/brijuni-kayak-tour\/#primaryimage"},"thumbnailUrl":"https:\/\/www.gotoistria.com\/wp-content\/uploads\/2025\/05\/Brijuni-Kayak-Tour-with-Full-Day-Access-to-Safari-Park-Museums-Beaches-1.jpg","datePublished":"2025-05-15T04:37:49+00:00","dateModified":"2026-04-29T05:04:38+00:00","description":"Ciesz si\u0119 najlepszym dniem zabawy podczas naszej najwy\u017cej ocenianej wycieczki kajakiem po Puli B\u0142\u0119kitna Jaskinia z snorkelingiem. Zanurz si\u0119 w dziewiczej przyrodzie wybrze\u017ca Puli.","breadcrumb":{"@id":"https:\/\/www.gotoistria.com\/tour\/brijuni-kayak-tour\/#breadcrumb"},"inLanguage":"pl-PL","potentialAction":[{"@type":"ReadAction","target":["https:\/\/www.gotoistria.com\/tour\/brijuni-kayak-tour\/"]}]},{"@type":"ImageObject","inLanguage":"pl-PL","@id":"https:\/\/www.gotoistria.com\/tour\/brijuni-kayak-tour\/#primaryimage","url":"https:\/\/www.gotoistria.com\/wp-content\/uploads\/2025\/05\/Brijuni-Kayak-Tour-with-Full-Day-Access-to-Safari-Park-Museums-Beaches-1.jpg","contentUrl":"https:\/\/www.gotoistria.com\/wp-content\/uploads\/2025\/05\/Brijuni-Kayak-Tour-with-Full-Day-Access-to-Safari-Park-Museums-Beaches-1.jpg","width":1920,"height":894},{"@type":"BreadcrumbList","@id":"https:\/\/www.gotoistria.com\/tour\/brijuni-kayak-tour\/#breadcrumb","itemListElement":[{"@type":"ListItem","position":1,"name":"Home","item":"https:\/\/www.gotoistria.com\/"},{"@type":"ListItem","position":2,"name":"Istria Kayak and Outdoor Tours","item":"https:\/\/www.gotoistria.com\/?page_id=2019"},{"@type":"ListItem","position":3,"name":"Kayak tours","item":"https:\/\/www.gotoistria.com\/cat\/kayak-tours\/"},{"@type":"ListItem","position":4,"name":"Brijuni Kayak Tour with Full-Day Access to Safari Park, Museums &#038; Beaches"}]},{"@type":"WebSite","@id":"https:\/\/www.gotoistria.com\/#website","url":"https:\/\/www.gotoistria.com\/","name":"Go To Istria","description":"Ciesz si\u0119 najlepszymi na Istrii | Sport, sp\u0142ywy kajakowe, wycieczki przygodowe w Puli na Istrii","publisher":{"@id":"https:\/\/www.gotoistria.com\/#organization"},"potentialAction":[{"@type":"SearchAction","target":{"@type":"EntryPoint","urlTemplate":"https:\/\/www.gotoistria.com\/?s={search_term_string}"},"query-input":{"@type":"PropertyValueSpecification","valueRequired":true,"valueName":"search_term_string"}}],"inLanguage":"pl-PL"},{"@type":"Organization","@id":"https:\/\/www.gotoistria.com\/#organization","name":"TOP sp\u0142yw kajakowy Pula - Go To Istria","alternateName":"GoToIstria","url":"https:\/\/www.gotoistria.com\/","logo":{"@type":"ImageObject","inLanguage":"pl-PL","@id":"https:\/\/www.gotoistria.com\/#\/schema\/logo\/image\/","url":"https:\/\/www.gotoistria.com\/wp-content\/uploads\/2022\/05\/favicon-go-to-istria-1.svg","contentUrl":"https:\/\/www.gotoistria.com\/wp-content\/uploads\/2022\/05\/favicon-go-to-istria-1.svg","width":100,"height":100,"caption":"TOP kayak tour Pula - Go To Istria"},"image":{"@id":"https:\/\/www.gotoistria.com\/#\/schema\/logo\/image\/"},"sameAs":["https:\/\/www.facebook.com\/gotoistria","https:\/\/www.tripadvisor.com\/Attraction_Review-g295373-d23963090-Reviews-Go_To_Istria-Pula_Istria.html","https:\/\/www.instagram.com\/gotoistria\/","https:\/\/www.getyourguide.com\/go-to-istria-s246981\/"]}]},"product_price_currency":"EUR","og_availability":"instock","product_availability":"instock","product_condition":"new"},"_links":{"self":[{"href":"https:\/\/www.gotoistria.com\/pl\/wp-json\/wp\/v2\/product\/11829","targetHints":{"allow":["GET"]}}],"collection":[{"href":"https:\/\/www.gotoistria.com\/pl\/wp-json\/wp\/v2\/product"}],"about":[{"href":"https:\/\/www.gotoistria.com\/pl\/wp-json\/wp\/v2\/types\/product"}],"replies":[{"embeddable":true,"href":"https:\/\/www.gotoistria.com\/pl\/wp-json\/wp\/v2\/comments?post=11829"}],"version-history":[{"count":47,"href":"https:\/\/www.gotoistria.com\/pl\/wp-json\/wp\/v2\/product\/11829\/revisions"}],"predecessor-version":[{"id":13003,"href":"https:\/\/www.gotoistria.com\/pl\/wp-json\/wp\/v2\/product\/11829\/revisions\/13003"}],"wp:featuredmedia":[{"embeddable":true,"href":"https:\/\/www.gotoistria.com\/pl\/wp-json\/wp\/v2\/media\/11840"}],"wp:attachment":[{"href":"https:\/\/www.gotoistria.com\/pl\/wp-json\/wp\/v2\/media?parent=11829"}],"wp:term":[{"taxonomy":"product_brand","embeddable":true,"href":"https:\/\/www.gotoistria.com\/pl\/wp-json\/wp\/v2\/product_brand?post=11829"},{"taxonomy":"product_cat","embeddable":true,"href":"https:\/\/www.gotoistria.com\/pl\/wp-json\/wp\/v2\/product_cat?post=11829"},{"taxonomy":"product_tag","embeddable":true,"href":"https:\/\/www.gotoistria.com\/pl\/wp-json\/wp\/v2\/product_tag?post=11829"}],"curies":[{"name":"wp","href":"https:\/\/api.w.org\/{rel}","templated":true}]}}