{"id":475,"date":"2021-03-24T14:25:18","date_gmt":"2021-03-24T14:25:18","guid":{"rendered":"https:\/\/www.gotoistria.com\/?page_id=475"},"modified":"2021-03-31T08:51:19","modified_gmt":"2021-03-31T08:51:19","slug":"grazie-per-la-richiesta-di-viaggio","status":"publish","type":"page","link":"https:\/\/www.gotoistria.com\/it\/thank-you-trip-enquiry\/","title":{"rendered":"Grazie Richiesta di viaggio"},"content":{"rendered":"<div data-elementor-type=\"wp-page\" data-elementor-id=\"475\" class=\"elementor elementor-475\" data-elementor-post-type=\"page\">\n\t\t\t\t\t\t<section class=\"elementor-section elementor-top-section elementor-element elementor-element-0544624 elementor-section-full_width elementor-section-stretched elementor-section-height-default elementor-section-height-default\" data-id=\"0544624\" data-element_type=\"section\" data-e-type=\"section\" data-settings=\"{&quot;stretch_section&quot;:&quot;section-stretched&quot;,&quot;background_background&quot;:&quot;classic&quot;}\">\n\t\t\t\t\t\t<div class=\"elementor-container elementor-column-gap-default\">\n\t\t\t\t\t<div class=\"elementor-column elementor-col-100 elementor-top-column elementor-element elementor-element-086e0af\" data-id=\"086e0af\" data-element_type=\"column\" data-e-type=\"column\">\n\t\t\t<div class=\"elementor-widget-wrap elementor-element-populated\">\n\t\t\t\t\t\t<section class=\"elementor-section elementor-inner-section elementor-element elementor-element-1f97882 elementor-section-boxed elementor-section-height-default elementor-section-height-default\" data-id=\"1f97882\" data-element_type=\"section\" data-e-type=\"section\">\n\t\t\t\t\t\t<div class=\"elementor-container elementor-column-gap-default\">\n\t\t\t\t\t<div class=\"elementor-column elementor-col-100 elementor-inner-column elementor-element elementor-element-d0aff78\" data-id=\"d0aff78\" data-element_type=\"column\" data-e-type=\"column\">\n\t\t\t<div class=\"elementor-widget-wrap elementor-element-populated\">\n\t\t\t\t\t\t<div class=\"elementor-element elementor-element-9e4fbea elementor-widget elementor-widget-spacer\" data-id=\"9e4fbea\" data-element_type=\"widget\" data-e-type=\"widget\" data-widget_type=\"spacer.default\">\n\t\t\t\t<div class=\"elementor-widget-container\">\n\t\t\t\t\t\t\t<div class=\"elementor-spacer\">\n\t\t\t<div class=\"elementor-spacer-inner\"><\/div>\n\t\t<\/div>\n\t\t\t\t\t\t<\/div>\n\t\t\t\t<\/div>\n\t\t\t\t<div class=\"elementor-element elementor-element-e7701f5 elementor-widget elementor-widget-heading\" data-id=\"e7701f5\" data-element_type=\"widget\" data-e-type=\"widget\" data-widget_type=\"heading.default\">\n\t\t\t\t<div class=\"elementor-widget-container\">\n\t\t\t\t\t<h2 class=\"elementor-heading-title elementor-size-default\">INCREDIBILE ESPERIENZA SUL MARE POLA<\/h2>\t\t\t\t<\/div>\n\t\t\t\t<\/div>\n\t\t\t\t<div class=\"elementor-element elementor-element-18af5cc elementor-widget elementor-widget-heading\" data-id=\"18af5cc\" data-element_type=\"widget\" data-e-type=\"widget\" data-widget_type=\"heading.default\">\n\t\t\t\t<div class=\"elementor-widget-container\">\n\t\t\t\t\t<h2 class=\"elementor-heading-title elementor-size-default\">Grazie per il vostro interesse<\/h2>\t\t\t\t<\/div>\n\t\t\t\t<\/div>\n\t\t\t\t<div class=\"elementor-element elementor-element-67bbb93 elementor-widget elementor-widget-spacer\" data-id=\"67bbb93\" data-element_type=\"widget\" data-e-type=\"widget\" data-widget_type=\"spacer.default\">\n\t\t\t\t<div class=\"elementor-widget-container\">\n\t\t\t\t\t\t\t<div class=\"elementor-spacer\">\n\t\t\t<div class=\"elementor-spacer-inner\"><\/div>\n\t\t<\/div>\n\t\t\t\t\t\t<\/div>\n\t\t\t\t<\/div>\n\t\t\t\t\t<\/div>\n\t\t<\/div>\n\t\t\t\t\t<\/div>\n\t\t<\/section>\n\t\t\t\t\t<\/div>\n\t\t<\/div>\n\t\t\t\t\t<\/div>\n\t\t<\/section>\n\t\t\t\t<section class=\"elementor-section elementor-top-section elementor-element elementor-element-d3a61c1 elementor-section-full_width elementor-section-stretched elementor-section-height-default elementor-section-height-default\" data-id=\"d3a61c1\" data-element_type=\"section\" data-e-type=\"section\" data-settings=\"{&quot;stretch_section&quot;:&quot;section-stretched&quot;,&quot;background_background&quot;:&quot;classic&quot;}\">\n\t\t\t\t\t\t\t<div class=\"elementor-background-overlay\"><\/div>\n\t\t\t\t\t\t\t<div class=\"elementor-container elementor-column-gap-default\">\n\t\t\t\t\t<div class=\"elementor-column elementor-col-100 elementor-top-column elementor-element elementor-element-89a467c\" data-id=\"89a467c\" data-element_type=\"column\" data-e-type=\"column\">\n\t\t\t<div class=\"elementor-widget-wrap elementor-element-populated\">\n\t\t\t\t\t\t<section class=\"elementor-section elementor-inner-section elementor-element elementor-element-c1bb213 elementor-section-boxed elementor-section-height-default elementor-section-height-default\" data-id=\"c1bb213\" data-element_type=\"section\" data-e-type=\"section\">\n\t\t\t\t\t\t<div class=\"elementor-container elementor-column-gap-default\">\n\t\t\t\t\t<div class=\"elementor-column elementor-col-100 elementor-inner-column elementor-element elementor-element-96f5fdb\" data-id=\"96f5fdb\" data-element_type=\"column\" data-e-type=\"column\">\n\t\t\t<div class=\"elementor-widget-wrap elementor-element-populated\">\n\t\t\t\t\t\t<div class=\"elementor-element elementor-element-5fb8621 elementor-widget elementor-widget-heading\" data-id=\"5fb8621\" data-element_type=\"widget\" data-e-type=\"widget\" data-widget_type=\"heading.default\">\n\t\t\t\t<div class=\"elementor-widget-container\">\n\t\t\t\t\t<h2 class=\"elementor-heading-title elementor-size-default\">Qualcuno del nostro team ti contatter\u00e0 a breve<\/h2>\t\t\t\t<\/div>\n\t\t\t\t<\/div>\n\t\t\t\t<div class=\"elementor-element elementor-element-0a1add4 elementor-widget elementor-widget-text-editor\" data-id=\"0a1add4\" data-element_type=\"widget\" data-e-type=\"widget\" data-widget_type=\"text-editor.default\">\n\t\t\t\t<div class=\"elementor-widget-container\">\n\t\t\t\t\t\t\t\t\t<p>Rio Boat \u00e8 molto pi\u00f9 che semplici tour in barca, il nostro obiettivo \u00e8 farti sentire al massimo il Mare Adriatico. Scopri altri tour in barca che potrebbero interessarti<\/p>\t\t\t\t\t\t\t\t<\/div>\n\t\t\t\t<\/div>\n\t\t\t\t<div class=\"elementor-element elementor-element-b0d5569 elementor-align-center elementor-widget elementor-widget-button\" data-id=\"b0d5569\" data-element_type=\"widget\" data-e-type=\"widget\" data-widget_type=\"button.default\">\n\t\t\t\t<div class=\"elementor-widget-container\">\n\t\t\t\t\t\t\t\t\t<div class=\"elementor-button-wrapper\">\n\t\t\t\t\t<a class=\"elementor-button elementor-button-link elementor-size-lg\" href=\"http:\/\/rioboatpula.com\/boat-tours\">\n\t\t\t\t\t\t<span class=\"elementor-button-content-wrapper\">\n\t\t\t\t\t\t\t\t\t<span class=\"elementor-button-text\">Giri in barca<\/span>\n\t\t\t\t\t<\/span>\n\t\t\t\t\t<\/a>\n\t\t\t\t<\/div>\n\t\t\t\t\t\t\t\t<\/div>\n\t\t\t\t<\/div>\n\t\t\t\t\t<\/div>\n\t\t<\/div>\n\t\t\t\t\t<\/div>\n\t\t<\/section>\n\t\t\t\t\t<\/div>\n\t\t<\/div>\n\t\t\t\t\t<\/div>\n\t\t<\/section>\n\t\t\t\t<\/div>","protected":false},"excerpt":{"rendered":"<p>ESPERIENZA INCREDIBILE A POLA Grazie per il tuo interesse. Un membro del nostro team ti contatter\u00e0 a breve. Rio Boat \u00e8 molto pi\u00f9 di un semplice tour in barca: il nostro obiettivo \u00e8 farti vivere appieno il Mar Adriatico. Scopri altri tour in barca che potrebbero interessarti. Tour in barca<\/p>","protected":false},"author":1,"featured_media":0,"parent":0,"menu_order":0,"comment_status":"closed","ping_status":"closed","template":"","meta":{"_acf_changed":false,"inline_featured_image":false,"footnotes":""},"class_list":["post-475","page","type-page","status-publish","hentry"],"acf":[],"yoast_head":"<!-- This site is optimized with the Yoast SEO Premium plugin v26.9 (Yoast SEO v27.5) - https:\/\/yoast.com\/product\/yoast-seo-premium-wordpress\/ -->\n<title>Thank You Trip Enquiry - Go To Istria<\/title>\n<meta name=\"robots\" content=\"index, follow, max-snippet:-1, max-image-preview:large, max-video-preview:-1\" \/>\n<link rel=\"canonical\" href=\"https:\/\/www.gotoistria.com\/it\/grazie-per-la-richiesta-di-viaggio\/\" \/>\n<meta property=\"og:locale\" content=\"it_IT\" \/>\n<meta property=\"og:type\" content=\"article\" \/>\n<meta property=\"og:title\" content=\"Thank You Trip Enquiry\" \/>\n<meta property=\"og:description\" content=\"AMAZING SEA EXPERIENCE PULA Thank you for your interest Someone from our team will contact you shortly Rio Boat is more than just boat tours, we aim to\" \/>\n<meta property=\"og:url\" content=\"https:\/\/www.gotoistria.com\/it\/grazie-per-la-richiesta-di-viaggio\/\" \/>\n<meta property=\"og:site_name\" content=\"Go To Istria\" \/>\n<meta property=\"article:publisher\" content=\"https:\/\/www.facebook.com\/gotoistria\" \/>\n<meta property=\"article:modified_time\" content=\"2021-03-31T08:51:19+00:00\" \/>\n<script type=\"application\/ld+json\" class=\"yoast-schema-graph\">{\"@context\":\"https:\\\/\\\/schema.org\",\"@graph\":[{\"@type\":\"WebPage\",\"@id\":\"https:\\\/\\\/www.gotoistria.com\\\/thank-you-trip-enquiry\\\/\",\"url\":\"https:\\\/\\\/www.gotoistria.com\\\/thank-you-trip-enquiry\\\/\",\"name\":\"Thank You Trip Enquiry - Go To Istria\",\"isPartOf\":{\"@id\":\"https:\\\/\\\/www.gotoistria.com\\\/#website\"},\"datePublished\":\"2021-03-24T14:25:18+00:00\",\"dateModified\":\"2021-03-31T08:51:19+00:00\",\"breadcrumb\":{\"@id\":\"https:\\\/\\\/www.gotoistria.com\\\/thank-you-trip-enquiry\\\/#breadcrumb\"},\"inLanguage\":\"it-IT\",\"potentialAction\":[{\"@type\":\"ReadAction\",\"target\":[\"https:\\\/\\\/www.gotoistria.com\\\/thank-you-trip-enquiry\\\/\"]}]},{\"@type\":\"BreadcrumbList\",\"@id\":\"https:\\\/\\\/www.gotoistria.com\\\/thank-you-trip-enquiry\\\/#breadcrumb\",\"itemListElement\":[{\"@type\":\"ListItem\",\"position\":1,\"name\":\"Home\",\"item\":\"https:\\\/\\\/www.gotoistria.com\\\/\"},{\"@type\":\"ListItem\",\"position\":2,\"name\":\"Thank You Trip Enquiry\"}]},{\"@type\":\"WebSite\",\"@id\":\"https:\\\/\\\/www.gotoistria.com\\\/#website\",\"url\":\"https:\\\/\\\/www.gotoistria.com\\\/\",\"name\":\"Go To Istria\",\"description\":\"Enjoy the best if Istria | Sports, kayak tours, adventure tours in Pula, Istria\",\"publisher\":{\"@id\":\"https:\\\/\\\/www.gotoistria.com\\\/#organization\"},\"potentialAction\":[{\"@type\":\"SearchAction\",\"target\":{\"@type\":\"EntryPoint\",\"urlTemplate\":\"https:\\\/\\\/www.gotoistria.com\\\/?s={search_term_string}\"},\"query-input\":{\"@type\":\"PropertyValueSpecification\",\"valueRequired\":true,\"valueName\":\"search_term_string\"}}],\"inLanguage\":\"it-IT\"},{\"@type\":\"Organization\",\"@id\":\"https:\\\/\\\/www.gotoistria.com\\\/#organization\",\"name\":\"TOP kayak tour Pula - Go To Istria\",\"alternateName\":\"GoToIstria\",\"url\":\"https:\\\/\\\/www.gotoistria.com\\\/\",\"logo\":{\"@type\":\"ImageObject\",\"inLanguage\":\"it-IT\",\"@id\":\"https:\\\/\\\/www.gotoistria.com\\\/#\\\/schema\\\/logo\\\/image\\\/\",\"url\":\"https:\\\/\\\/www.gotoistria.com\\\/wp-content\\\/uploads\\\/2022\\\/05\\\/favicon-go-to-istria-1.svg\",\"contentUrl\":\"https:\\\/\\\/www.gotoistria.com\\\/wp-content\\\/uploads\\\/2022\\\/05\\\/favicon-go-to-istria-1.svg\",\"width\":100,\"height\":100,\"caption\":\"TOP kayak tour Pula - Go To Istria\"},\"image\":{\"@id\":\"https:\\\/\\\/www.gotoistria.com\\\/#\\\/schema\\\/logo\\\/image\\\/\"},\"sameAs\":[\"https:\\\/\\\/www.facebook.com\\\/gotoistria\",\"https:\\\/\\\/www.tripadvisor.com\\\/Attraction_Review-g295373-d23963090-Reviews-Go_To_Istria-Pula_Istria.html\",\"https:\\\/\\\/www.instagram.com\\\/gotoistria\\\/\",\"https:\\\/\\\/www.getyourguide.com\\\/go-to-istria-s246981\\\/\"]}]}<\/script>\n<!-- \/ Yoast SEO Premium plugin. -->","yoast_head_json":{"title":"Grazie richiesta di viaggio - Go To Istria","robots":{"index":"index","follow":"follow","max-snippet":"max-snippet:-1","max-image-preview":"max-image-preview:large","max-video-preview":"max-video-preview:-1"},"canonical":"https:\/\/www.gotoistria.com\/it\/grazie-per-la-richiesta-di-viaggio\/","og_locale":"it_IT","og_type":"article","og_title":"Thank You Trip Enquiry","og_description":"AMAZING SEA EXPERIENCE PULA Thank you for your interest Someone from our team will contact you shortly Rio Boat is more than just boat tours, we aim to","og_url":"https:\/\/www.gotoistria.com\/it\/grazie-per-la-richiesta-di-viaggio\/","og_site_name":"Go To Istria","article_publisher":"https:\/\/www.facebook.com\/gotoistria","article_modified_time":"2021-03-31T08:51:19+00:00","schema":{"@context":"https:\/\/schema.org","@graph":[{"@type":"WebPage","@id":"https:\/\/www.gotoistria.com\/thank-you-trip-enquiry\/","url":"https:\/\/www.gotoistria.com\/thank-you-trip-enquiry\/","name":"Grazie richiesta di viaggio - Go To Istria","isPartOf":{"@id":"https:\/\/www.gotoistria.com\/#website"},"datePublished":"2021-03-24T14:25:18+00:00","dateModified":"2021-03-31T08:51:19+00:00","breadcrumb":{"@id":"https:\/\/www.gotoistria.com\/thank-you-trip-enquiry\/#breadcrumb"},"inLanguage":"it-IT","potentialAction":[{"@type":"ReadAction","target":["https:\/\/www.gotoistria.com\/thank-you-trip-enquiry\/"]}]},{"@type":"BreadcrumbList","@id":"https:\/\/www.gotoistria.com\/thank-you-trip-enquiry\/#breadcrumb","itemListElement":[{"@type":"ListItem","position":1,"name":"Home","item":"https:\/\/www.gotoistria.com\/"},{"@type":"ListItem","position":2,"name":"Thank You Trip Enquiry"}]},{"@type":"WebSite","@id":"https:\/\/www.gotoistria.com\/#website","url":"https:\/\/www.gotoistria.com\/","name":"Go To Istria","description":"Godetevi il meglio dell&#039;Istria | Sport, tour in kayak, tour avventurosi a Pola, in Istria","publisher":{"@id":"https:\/\/www.gotoistria.com\/#organization"},"potentialAction":[{"@type":"SearchAction","target":{"@type":"EntryPoint","urlTemplate":"https:\/\/www.gotoistria.com\/?s={search_term_string}"},"query-input":{"@type":"PropertyValueSpecification","valueRequired":true,"valueName":"search_term_string"}}],"inLanguage":"it-IT"},{"@type":"Organization","@id":"https:\/\/www.gotoistria.com\/#organization","name":"TOP tour in kayak Pola - Go To Istria","alternateName":"GoToIstria","url":"https:\/\/www.gotoistria.com\/","logo":{"@type":"ImageObject","inLanguage":"it-IT","@id":"https:\/\/www.gotoistria.com\/#\/schema\/logo\/image\/","url":"https:\/\/www.gotoistria.com\/wp-content\/uploads\/2022\/05\/favicon-go-to-istria-1.svg","contentUrl":"https:\/\/www.gotoistria.com\/wp-content\/uploads\/2022\/05\/favicon-go-to-istria-1.svg","width":100,"height":100,"caption":"TOP kayak tour Pula - Go To Istria"},"image":{"@id":"https:\/\/www.gotoistria.com\/#\/schema\/logo\/image\/"},"sameAs":["https:\/\/www.facebook.com\/gotoistria","https:\/\/www.tripadvisor.com\/Attraction_Review-g295373-d23963090-Reviews-Go_To_Istria-Pula_Istria.html","https:\/\/www.instagram.com\/gotoistria\/","https:\/\/www.getyourguide.com\/go-to-istria-s246981\/"]}]}},"_links":{"self":[{"href":"https:\/\/www.gotoistria.com\/it\/wp-json\/wp\/v2\/pages\/475","targetHints":{"allow":["GET"]}}],"collection":[{"href":"https:\/\/www.gotoistria.com\/it\/wp-json\/wp\/v2\/pages"}],"about":[{"href":"https:\/\/www.gotoistria.com\/it\/wp-json\/wp\/v2\/types\/page"}],"author":[{"embeddable":true,"href":"https:\/\/www.gotoistria.com\/it\/wp-json\/wp\/v2\/users\/1"}],"replies":[{"embeddable":true,"href":"https:\/\/www.gotoistria.com\/it\/wp-json\/wp\/v2\/comments?post=475"}],"version-history":[{"count":0,"href":"https:\/\/www.gotoistria.com\/it\/wp-json\/wp\/v2\/pages\/475\/revisions"}],"wp:attachment":[{"href":"https:\/\/www.gotoistria.com\/it\/wp-json\/wp\/v2\/media?parent=475"}],"curies":[{"name":"parola chiave","href":"https:\/\/api.w.org\/{rel}","templated":true}]}}