{"id":11991,"date":"2025-05-23T06:38:56","date_gmt":"2025-05-23T04:38:56","guid":{"rendered":"https:\/\/www.gotoistria.com\/?post_type=product&#038;p=11991"},"modified":"2026-04-12T22:33:36","modified_gmt":"2026-04-12T20:33:36","slug":"kajakaska-tura-po-puli-na-tri-otoka","status":"publish","type":"product","link":"https:\/\/www.gotoistria.com\/hr\/tour\/pula-kayak-tour-three-islands\/","title":{"rendered":"Pula: Izlet kajakom i ronjenjem s posjetom morskim \u0161piljama, kanjonu i otoku"},"content":{"rendered":"<p><strong>Ronjenje i zabava na otoku:<\/strong> U\u017eivajte 60 minuta na Fratarskom otoku za ronjenje ili u\u017eivanje u le\u017eernoj lokalnoj hrani (nije obavezno).<\/p>\n<p><strong>Slikovite litice i kanjon:<\/strong> Pogledajte visoke litice i bistre vode kanjona Verudela izravno iz svog kajaka.<\/p>\n<p><strong>Priroda i \u0161pilje:<\/strong> Posjetite dva prekrasna prirodna mjesta: Fratarsku \u0161pilju i Grotta di quarzo.<\/p>\n<p><strong>Vodene aktivnosti za cijelu obitelj:<\/strong> U\u017eivajte u sigurnom i zabavnom vodenom sportu koji je savr\u0161en za parove, grupe i djecu.<\/p>\n<p><strong>Najbolje ocijenjeni vodi\u010di:<\/strong> Veslajte sigurno s na\u0161im ljubaznim vodi\u010dima koji daju prioritet va\u0161oj sigurnosti i dijele sjajnu lokalnu povijest i savjete o regiji.<\/p>","protected":false},"excerpt":{"rendered":"<p>Pridru\u017eite se obiteljskom vo\u0111enom kajaka\u0161kom izletu iz Pje\u0161\u010dane Uvale s na\u0161im visoko ocijenjenim lokalnim vodi\u010dima. U\u017eivajte u slikovitom razgledavanju dok veslate ispod visokih litica kanjona Verudela, istra\u017eujete prirodne morske \u0161pilje i provedite sat vremena na Fratarskom otoku rone\u0107i s maskom ili kupuju\u0107i lokalnu hranu.<\/p>","protected":false},"featured_media":12257,"comment_status":"open","ping_status":"closed","template":"","meta":{"_acf_changed":false,"inline_featured_image":false},"product_brand":[],"product_cat":[16,26],"product_tag":[35,43],"class_list":{"0":"post-11991","1":"product","2":"type-product","3":"status-publish","4":"has-post-thumbnail","6":"product_cat-kayak-tours","7":"product_cat-snorkeling-swimming-tour","8":"product_tag-bookable","9":"product_tag-kayak-tour-pula","11":"first","12":"onbackorder","13":"virtual","14":"taxable","15":"purchasable","16":"product-type-simple"},"acf":[],"yoast_head":"<!-- This site is optimized with the Yoast SEO Premium plugin v26.9 (Yoast SEO v27.5) - https:\/\/yoast.com\/product\/yoast-seo-premium-wordpress\/ -->\n<title>Pula: Kayak &amp; Snorkeling Tour with Sea Caves, Canyon &amp; Island visit - Go To Istria<\/title>\n<meta name=\"description\" content=\"Family-friendly kayak tour - Pula coastline to sea caves and Verudela Canyon. Swim, snorkel, relax on Fratarski Island with free time and optional local lunch.\" \/>\n<meta name=\"robots\" content=\"index, follow, max-snippet:-1, max-image-preview:large, max-video-preview:-1\" \/>\n<link rel=\"canonical\" href=\"https:\/\/www.gotoistria.com\/hr\/turneja\/kajakaska-tura-po-puli-na-tri-otoka\/\" \/>\n<meta property=\"og:locale\" content=\"hr_HR\" \/>\n<meta property=\"og:type\" content=\"article\" \/>\n<meta property=\"og:title\" content=\"Pula: Kayak &amp; Snorkeling Tour with Sea Caves, Canyon &amp; Island visit\" \/>\n<meta property=\"og:description\" content=\"Join a family-friendly guided kayak tour from Pje\u0161\u010dana Uvala with our highly-rated local guides. Enjoy scenic sightseeing as you paddle under the high cliffs of Verudela Canyon, explore natural sea caves, and spend an hour on Fratarski Island to snorkel or grab local food.\" \/>\n<meta property=\"og:url\" content=\"https:\/\/www.gotoistria.com\/hr\/turneja\/kajakaska-tura-po-puli-na-tri-otoka\/\" \/>\n<meta property=\"og:site_name\" content=\"Go To Istria\" \/>\n<meta property=\"article:publisher\" content=\"https:\/\/www.facebook.com\/gotoistria\" \/>\n<meta property=\"article:modified_time\" content=\"2026-04-12T20:33:36+00:00\" \/>\n<meta property=\"og:image\" content=\"https:\/\/www.gotoistria.com\/wp-content\/uploads\/2025\/05\/Pula-3-Islands-Kayak-Tour-snorkeling-swimming-cave-photo-stop-13.jpg\" \/>\n\t<meta property=\"og:image:width\" content=\"1280\" \/>\n\t<meta property=\"og:image:height\" content=\"853\" \/>\n\t<meta property=\"og:image:type\" content=\"image\/jpeg\" \/>\n<script type=\"application\/ld+json\" class=\"yoast-schema-graph\">{\"@context\":\"https:\\\/\\\/schema.org\",\"@graph\":[{\"@type\":\"WebPage\",\"@id\":\"https:\\\/\\\/www.gotoistria.com\\\/tour\\\/pula-kayak-tour-three-islands\\\/\",\"url\":\"https:\\\/\\\/www.gotoistria.com\\\/tour\\\/pula-kayak-tour-three-islands\\\/\",\"name\":\"Pula: Kayak & Snorkeling Tour with Sea Caves, Canyon & Island visit - Go To Istria\",\"isPartOf\":{\"@id\":\"https:\\\/\\\/www.gotoistria.com\\\/#website\"},\"primaryImageOfPage\":{\"@id\":\"https:\\\/\\\/www.gotoistria.com\\\/tour\\\/pula-kayak-tour-three-islands\\\/#primaryimage\"},\"image\":{\"@id\":\"https:\\\/\\\/www.gotoistria.com\\\/tour\\\/pula-kayak-tour-three-islands\\\/#primaryimage\"},\"thumbnailUrl\":\"https:\\\/\\\/www.gotoistria.com\\\/wp-content\\\/uploads\\\/2025\\\/05\\\/Pula-3-Islands-Kayak-Tour-snorkeling-swimming-cave-photo-stop-13.jpg\",\"datePublished\":\"2025-05-23T04:38:56+00:00\",\"dateModified\":\"2026-04-12T20:33:36+00:00\",\"description\":\"Family-friendly kayak tour - Pula coastline to sea caves and Verudela Canyon. Swim, snorkel, relax on Fratarski Island with free time and optional local lunch.\",\"breadcrumb\":{\"@id\":\"https:\\\/\\\/www.gotoistria.com\\\/tour\\\/pula-kayak-tour-three-islands\\\/#breadcrumb\"},\"inLanguage\":\"hr\",\"potentialAction\":[{\"@type\":\"ReadAction\",\"target\":[\"https:\\\/\\\/www.gotoistria.com\\\/tour\\\/pula-kayak-tour-three-islands\\\/\"]}]},{\"@type\":\"ImageObject\",\"inLanguage\":\"hr\",\"@id\":\"https:\\\/\\\/www.gotoistria.com\\\/tour\\\/pula-kayak-tour-three-islands\\\/#primaryimage\",\"url\":\"https:\\\/\\\/www.gotoistria.com\\\/wp-content\\\/uploads\\\/2025\\\/05\\\/Pula-3-Islands-Kayak-Tour-snorkeling-swimming-cave-photo-stop-13.jpg\",\"contentUrl\":\"https:\\\/\\\/www.gotoistria.com\\\/wp-content\\\/uploads\\\/2025\\\/05\\\/Pula-3-Islands-Kayak-Tour-snorkeling-swimming-cave-photo-stop-13.jpg\",\"width\":1280,\"height\":853},{\"@type\":\"BreadcrumbList\",\"@id\":\"https:\\\/\\\/www.gotoistria.com\\\/tour\\\/pula-kayak-tour-three-islands\\\/#breadcrumb\",\"itemListElement\":[{\"@type\":\"ListItem\",\"position\":1,\"name\":\"Home\",\"item\":\"https:\\\/\\\/www.gotoistria.com\\\/\"},{\"@type\":\"ListItem\",\"position\":2,\"name\":\"Istria Kayak and Outdoor Tours\",\"item\":\"https:\\\/\\\/www.gotoistria.com\\\/?page_id=2019\"},{\"@type\":\"ListItem\",\"position\":3,\"name\":\"Kayak tours\",\"item\":\"https:\\\/\\\/www.gotoistria.com\\\/cat\\\/kayak-tours\\\/\"},{\"@type\":\"ListItem\",\"position\":4,\"name\":\"Pula: Kayak &#038; Snorkeling Tour with Sea Caves, Canyon &#038; Island visit\"}]},{\"@type\":\"WebSite\",\"@id\":\"https:\\\/\\\/www.gotoistria.com\\\/#website\",\"url\":\"https:\\\/\\\/www.gotoistria.com\\\/\",\"name\":\"Go To Istria\",\"description\":\"Enjoy the best if Istria | Sports, kayak tours, adventure tours in Pula, Istria\",\"publisher\":{\"@id\":\"https:\\\/\\\/www.gotoistria.com\\\/#organization\"},\"potentialAction\":[{\"@type\":\"SearchAction\",\"target\":{\"@type\":\"EntryPoint\",\"urlTemplate\":\"https:\\\/\\\/www.gotoistria.com\\\/?s={search_term_string}\"},\"query-input\":{\"@type\":\"PropertyValueSpecification\",\"valueRequired\":true,\"valueName\":\"search_term_string\"}}],\"inLanguage\":\"hr\"},{\"@type\":\"Organization\",\"@id\":\"https:\\\/\\\/www.gotoistria.com\\\/#organization\",\"name\":\"TOP kayak tour Pula - Go To Istria\",\"alternateName\":\"GoToIstria\",\"url\":\"https:\\\/\\\/www.gotoistria.com\\\/\",\"logo\":{\"@type\":\"ImageObject\",\"inLanguage\":\"hr\",\"@id\":\"https:\\\/\\\/www.gotoistria.com\\\/#\\\/schema\\\/logo\\\/image\\\/\",\"url\":\"https:\\\/\\\/www.gotoistria.com\\\/wp-content\\\/uploads\\\/2022\\\/05\\\/favicon-go-to-istria-1.svg\",\"contentUrl\":\"https:\\\/\\\/www.gotoistria.com\\\/wp-content\\\/uploads\\\/2022\\\/05\\\/favicon-go-to-istria-1.svg\",\"width\":100,\"height\":100,\"caption\":\"TOP kayak tour Pula - Go To Istria\"},\"image\":{\"@id\":\"https:\\\/\\\/www.gotoistria.com\\\/#\\\/schema\\\/logo\\\/image\\\/\"},\"sameAs\":[\"https:\\\/\\\/www.facebook.com\\\/gotoistria\",\"https:\\\/\\\/www.tripadvisor.com\\\/Attraction_Review-g295373-d23963090-Reviews-Go_To_Istria-Pula_Istria.html\",\"https:\\\/\\\/www.instagram.com\\\/gotoistria\\\/\",\"https:\\\/\\\/www.getyourguide.com\\\/go-to-istria-s246981\\\/\"]}]}<\/script>\n<meta property=\"product:price:amount\" content=\"75.00\" \/>\n<meta property=\"product:price:currency\" content=\"EUR\" \/>\n<meta property=\"og:availability\" content=\"backorder\" \/>\n<meta property=\"product:availability\" content=\"available for order\" \/>\n<meta property=\"product:retailer_item_id\" content=\"BRI-1\" \/>\n<meta property=\"product:condition\" content=\"new\" \/>\n<!-- \/ Yoast SEO Premium plugin. -->","yoast_head_json":{"title":"Pula: Izlet kajakom i ronjenjem s posjetom morskim \u0161piljama, kanjonu i otoku - Go To Istria","description":"Obiteljski kajaka\u0161ki izlet - od pulske obale do morskih \u0161pilja i kanjona Verudela. Plivajte, ronite s maskom i disaljkom, opustite se na Fratarskom otoku sa slobodnim vremenom i opcionalnim lokalnim ru\u010dkom.","robots":{"index":"index","follow":"follow","max-snippet":"max-snippet:-1","max-image-preview":"max-image-preview:large","max-video-preview":"max-video-preview:-1"},"canonical":"https:\/\/www.gotoistria.com\/hr\/turneja\/kajakaska-tura-po-puli-na-tri-otoka\/","og_locale":"hr_HR","og_type":"article","og_title":"Pula: Kayak & Snorkeling Tour with Sea Caves, Canyon & Island visit","og_description":"Join a family-friendly guided kayak tour from Pje\u0161\u010dana Uvala with our highly-rated local guides. Enjoy scenic sightseeing as you paddle under the high cliffs of Verudela Canyon, explore natural sea caves, and spend an hour on Fratarski Island to snorkel or grab local food.","og_url":"https:\/\/www.gotoistria.com\/hr\/turneja\/kajakaska-tura-po-puli-na-tri-otoka\/","og_site_name":"Go To Istria","article_publisher":"https:\/\/www.facebook.com\/gotoistria","article_modified_time":"2026-04-12T20:33:36+00:00","og_image":[{"width":1280,"height":853,"url":"https:\/\/www.gotoistria.com\/wp-content\/uploads\/2025\/05\/Pula-3-Islands-Kayak-Tour-snorkeling-swimming-cave-photo-stop-13.jpg","type":"image\/jpeg"}],"schema":{"@context":"https:\/\/schema.org","@graph":[{"@type":"WebPage","@id":"https:\/\/www.gotoistria.com\/tour\/pula-kayak-tour-three-islands\/","url":"https:\/\/www.gotoistria.com\/tour\/pula-kayak-tour-three-islands\/","name":"Pula: Izlet kajakom i ronjenjem s posjetom morskim \u0161piljama, kanjonu i otoku - Go To Istria","isPartOf":{"@id":"https:\/\/www.gotoistria.com\/#website"},"primaryImageOfPage":{"@id":"https:\/\/www.gotoistria.com\/tour\/pula-kayak-tour-three-islands\/#primaryimage"},"image":{"@id":"https:\/\/www.gotoistria.com\/tour\/pula-kayak-tour-three-islands\/#primaryimage"},"thumbnailUrl":"https:\/\/www.gotoistria.com\/wp-content\/uploads\/2025\/05\/Pula-3-Islands-Kayak-Tour-snorkeling-swimming-cave-photo-stop-13.jpg","datePublished":"2025-05-23T04:38:56+00:00","dateModified":"2026-04-12T20:33:36+00:00","description":"Obiteljski kajaka\u0161ki izlet - od pulske obale do morskih \u0161pilja i kanjona Verudela. Plivajte, ronite s maskom i disaljkom, opustite se na Fratarskom otoku sa slobodnim vremenom i opcionalnim lokalnim ru\u010dkom.","breadcrumb":{"@id":"https:\/\/www.gotoistria.com\/tour\/pula-kayak-tour-three-islands\/#breadcrumb"},"inLanguage":"hr","potentialAction":[{"@type":"ReadAction","target":["https:\/\/www.gotoistria.com\/tour\/pula-kayak-tour-three-islands\/"]}]},{"@type":"ImageObject","inLanguage":"hr","@id":"https:\/\/www.gotoistria.com\/tour\/pula-kayak-tour-three-islands\/#primaryimage","url":"https:\/\/www.gotoistria.com\/wp-content\/uploads\/2025\/05\/Pula-3-Islands-Kayak-Tour-snorkeling-swimming-cave-photo-stop-13.jpg","contentUrl":"https:\/\/www.gotoistria.com\/wp-content\/uploads\/2025\/05\/Pula-3-Islands-Kayak-Tour-snorkeling-swimming-cave-photo-stop-13.jpg","width":1280,"height":853},{"@type":"BreadcrumbList","@id":"https:\/\/www.gotoistria.com\/tour\/pula-kayak-tour-three-islands\/#breadcrumb","itemListElement":[{"@type":"ListItem","position":1,"name":"Home","item":"https:\/\/www.gotoistria.com\/"},{"@type":"ListItem","position":2,"name":"Istria Kayak and Outdoor Tours","item":"https:\/\/www.gotoistria.com\/?page_id=2019"},{"@type":"ListItem","position":3,"name":"Kayak tours","item":"https:\/\/www.gotoistria.com\/cat\/kayak-tours\/"},{"@type":"ListItem","position":4,"name":"Pula: Kayak &#038; Snorkeling Tour with Sea Caves, Canyon &#038; Island visit"}]},{"@type":"WebSite","@id":"https:\/\/www.gotoistria.com\/#website","url":"https:\/\/www.gotoistria.com\/","name":"Go To Istria","description":"U\u017eivajte u najboljem ako Istra | Sportske, kajaka\u0161ke ture, avanturisti\u010dke ture u Puli, Istri","publisher":{"@id":"https:\/\/www.gotoistria.com\/#organization"},"potentialAction":[{"@type":"SearchAction","target":{"@type":"EntryPoint","urlTemplate":"https:\/\/www.gotoistria.com\/?s={search_term_string}"},"query-input":{"@type":"PropertyValueSpecification","valueRequired":true,"valueName":"search_term_string"}}],"inLanguage":"hr"},{"@type":"Organization","@id":"https:\/\/www.gotoistria.com\/#organization","name":"TOP kajak tura Pula - Go To Istria","alternateName":"GoToIstria","url":"https:\/\/www.gotoistria.com\/","logo":{"@type":"ImageObject","inLanguage":"hr","@id":"https:\/\/www.gotoistria.com\/#\/schema\/logo\/image\/","url":"https:\/\/www.gotoistria.com\/wp-content\/uploads\/2022\/05\/favicon-go-to-istria-1.svg","contentUrl":"https:\/\/www.gotoistria.com\/wp-content\/uploads\/2022\/05\/favicon-go-to-istria-1.svg","width":100,"height":100,"caption":"TOP kayak tour Pula - Go To Istria"},"image":{"@id":"https:\/\/www.gotoistria.com\/#\/schema\/logo\/image\/"},"sameAs":["https:\/\/www.facebook.com\/gotoistria","https:\/\/www.tripadvisor.com\/Attraction_Review-g295373-d23963090-Reviews-Go_To_Istria-Pula_Istria.html","https:\/\/www.instagram.com\/gotoistria\/","https:\/\/www.getyourguide.com\/go-to-istria-s246981\/"]}]},"product_price_amount":"75.00","product_price_currency":"EUR","og_availability":"backorder","product_availability":"available for order","product_retailer_item_id":"BRI-1","product_condition":"new"},"_links":{"self":[{"href":"https:\/\/www.gotoistria.com\/hr\/wp-json\/wp\/v2\/product\/11991","targetHints":{"allow":["GET"]}}],"collection":[{"href":"https:\/\/www.gotoistria.com\/hr\/wp-json\/wp\/v2\/product"}],"about":[{"href":"https:\/\/www.gotoistria.com\/hr\/wp-json\/wp\/v2\/types\/product"}],"replies":[{"embeddable":true,"href":"https:\/\/www.gotoistria.com\/hr\/wp-json\/wp\/v2\/comments?post=11991"}],"version-history":[{"count":39,"href":"https:\/\/www.gotoistria.com\/hr\/wp-json\/wp\/v2\/product\/11991\/revisions"}],"predecessor-version":[{"id":12995,"href":"https:\/\/www.gotoistria.com\/hr\/wp-json\/wp\/v2\/product\/11991\/revisions\/12995"}],"wp:featuredmedia":[{"embeddable":true,"href":"https:\/\/www.gotoistria.com\/hr\/wp-json\/wp\/v2\/media\/12257"}],"wp:attachment":[{"href":"https:\/\/www.gotoistria.com\/hr\/wp-json\/wp\/v2\/media?parent=11991"}],"wp:term":[{"taxonomy":"product_brand","embeddable":true,"href":"https:\/\/www.gotoistria.com\/hr\/wp-json\/wp\/v2\/product_brand?post=11991"},{"taxonomy":"product_cat","embeddable":true,"href":"https:\/\/www.gotoistria.com\/hr\/wp-json\/wp\/v2\/product_cat?post=11991"},{"taxonomy":"product_tag","embeddable":true,"href":"https:\/\/www.gotoistria.com\/hr\/wp-json\/wp\/v2\/product_tag?post=11991"}],"curies":[{"name":"radni list","href":"https:\/\/api.w.org\/{rel}","templated":true}]}}