{"id":11829,"date":"2025-05-15T06:37:49","date_gmt":"2025-05-15T04:37:49","guid":{"rendered":"https:\/\/www.gotoistria.com\/?post_type=product&#038;p=11829"},"modified":"2026-04-29T07:04:38","modified_gmt":"2026-04-29T05:04:38","slug":"modra-spilja-kajak-tura-pula-3","status":"publish","type":"product","link":"https:\/\/www.gotoistria.com\/hr\/tour\/brijuni-kayak-tour\/","title":{"rendered":"Izlet kajakom po Brijunima s cjelodnevnim pristupom Safari parku, muzejima i pla\u017eama"},"content":{"rendered":"<p>Nakon vo\u0111ene kajaka\u0161ke ture, va\u0161a karta vam omogu\u0107uje cjelodnevni pristup Nacionalnom parku Brijuni, jednoj od najjedinstvenijih i povijesno najbogatijih oto\u010dnih destinacija u Hrvatskoj. Imat \u0107ete dovoljno vremena za samostalno istra\u017eivanje otoka. <\/p>\n<p>Evo nekoliko ideja \u0161to raditi nakon kajaka\u0161ke ture:<br \/>\n<\/p>\n<p>Posjetite Safari park: Izbliza pogledajte zebre, lame, nojeve i slona. Park je dom egzoti\u010dnim \u017eivotinjama koje su jugoslavenskom predsjedniku Titu darovane iz cijelog svijeta.<br \/>\n<\/p>\n<p>Istra\u017eite muzeje: Saznajte vi\u0161e o fascinantnoj politi\u010dkoj pro\u0161losti otoka i slavnim posjetiteljima.<br \/>\n<\/p>\n<p>Prirodoslovni muzej: Otkrijte floru, faunu i paleontologijsku povijest otoka.<br \/>\n<\/p>\n<p>Arheolo\u0161ka nalazi\u0161ta: Posjetite ru\u0161evine rimskih vila, ranokr\u0161\u0107anske bazilike i drevne kamenolome.<\/p>\n<p>Relax on the Beaches<br \/>\nSwim in crystal-clear waters or unwind at one of Brijuni\u2019s peaceful coves.<br \/>\nExplore the island at your own pace\u2014rental stations are available near the main port.<br \/>\n<\/p>\n<p><a href=\"https:\/\/www.np-brijuni.hr\/en\" target=\"_blank\" rel=\"noopener\">Slu\u017ebena web stranica Nacionalnog parka Brijuni<\/a><\/p>\n<p><strong>Za ovu turu potrebno je minimalno 4 sudionika. Individualne i rezervacije u malim grupama su u potpunosti dobrodo\u0161le! Ako se minimalni broj sudionika ne ispuni 12 sati prije zakazanog vremena po\u010detka, turu \u0107emo otkazati. U tom slu\u010daju bit \u0107ete odmah kontaktirani i ponudit \u0107emo vam izbor izme\u0111u promjene termina na drugi datum ili povrata punog iznosa u iznosu od 100%.<\/strong><\/p>","protected":false},"excerpt":{"rendered":"<p>Pridru\u017eite se vo\u0111enoj kajaka\u0161koj turi kroz Nacionalni park Brijuni \u2014 veslajte do skrivenih pla\u017ea, ronite s maskom i disalicom u kristalno \u010distim uvalama i istra\u017eite Fort Minor, jednu od najve\u0107ih obalnih tvr\u0111ava na Jadranu. Va\u0161a ulaznica uklju\u010duje cjelodnevni pristup brijunskom Safari parku, muzejima i pla\u017eama.<\/p>","protected":false},"featured_media":11840,"comment_status":"open","ping_status":"closed","template":"","meta":{"_acf_changed":false,"inline_featured_image":false},"product_brand":[],"product_cat":[16,26],"product_tag":[43],"class_list":{"0":"post-11829","1":"product","2":"type-product","3":"status-publish","4":"has-post-thumbnail","6":"product_cat-kayak-tours","7":"product_cat-snorkeling-swimming-tour","8":"product_tag-kayak-tour-pula","10":"first","11":"instock","12":"virtual","13":"taxable","14":"product-type-simple"},"acf":[],"yoast_head":"<!-- This site is optimized with the Yoast SEO Premium plugin v26.9 (Yoast SEO v27.5) - https:\/\/yoast.com\/product\/yoast-seo-premium-wordpress\/ -->\n<title>Brijuni Kayak Tour with Full-Day Access to Safari Park, Museums &amp; Beaches - Go To Istria<\/title>\n<meta name=\"description\" content=\"Enjoy the ultimate day of fun with our TOP rated Pula kayak tour Blue cave with snorkeling . Immerse yourself in pristine nature of Pula coastline.\" \/>\n<meta name=\"robots\" content=\"index, follow, max-snippet:-1, max-image-preview:large, max-video-preview:-1\" \/>\n<link rel=\"canonical\" href=\"https:\/\/www.gotoistria.com\/hr\/turneja\/modra-spilja-kajak-tura-pula-3\/\" \/>\n<meta property=\"og:locale\" content=\"hr_HR\" \/>\n<meta property=\"og:type\" content=\"article\" \/>\n<meta property=\"og:title\" content=\"Brijuni Kayak Tour with Full-Day Access to Safari Park, Museums &amp; Beaches\" \/>\n<meta property=\"og:description\" content=\"Join a guided kayak tour through Brijuni National Park\u2014paddle to hidden beaches, snorkel in crystal-clear bays, and explore Fort Minor, one of the Adriatic\u2019s largest coastal fortresses. Your ticket includes full-day access to Brijuni\u2019s Safari Park, museums, and beaches.\" \/>\n<meta property=\"og:url\" content=\"https:\/\/www.gotoistria.com\/hr\/turneja\/modra-spilja-kajak-tura-pula-3\/\" \/>\n<meta property=\"og:site_name\" content=\"Go To Istria\" \/>\n<meta property=\"article:publisher\" content=\"https:\/\/www.facebook.com\/gotoistria\" \/>\n<meta property=\"article:modified_time\" content=\"2026-04-29T05:04:38+00:00\" \/>\n<meta property=\"og:image\" content=\"https:\/\/www.gotoistria.com\/wp-content\/uploads\/2025\/05\/Brijuni-Kayak-Tour-with-Full-Day-Access-to-Safari-Park-Museums-Beaches-1.jpg\" \/>\n\t<meta property=\"og:image:width\" content=\"1920\" \/>\n\t<meta property=\"og:image:height\" content=\"894\" \/>\n\t<meta property=\"og:image:type\" content=\"image\/jpeg\" \/>\n<script type=\"application\/ld+json\" class=\"yoast-schema-graph\">{\"@context\":\"https:\\\/\\\/schema.org\",\"@graph\":[{\"@type\":\"WebPage\",\"@id\":\"https:\\\/\\\/www.gotoistria.com\\\/tour\\\/brijuni-kayak-tour\\\/\",\"url\":\"https:\\\/\\\/www.gotoistria.com\\\/tour\\\/brijuni-kayak-tour\\\/\",\"name\":\"Brijuni Kayak Tour with Full-Day Access to Safari Park, Museums & Beaches - Go To Istria\",\"isPartOf\":{\"@id\":\"https:\\\/\\\/www.gotoistria.com\\\/#website\"},\"primaryImageOfPage\":{\"@id\":\"https:\\\/\\\/www.gotoistria.com\\\/tour\\\/brijuni-kayak-tour\\\/#primaryimage\"},\"image\":{\"@id\":\"https:\\\/\\\/www.gotoistria.com\\\/tour\\\/brijuni-kayak-tour\\\/#primaryimage\"},\"thumbnailUrl\":\"https:\\\/\\\/www.gotoistria.com\\\/wp-content\\\/uploads\\\/2025\\\/05\\\/Brijuni-Kayak-Tour-with-Full-Day-Access-to-Safari-Park-Museums-Beaches-1.jpg\",\"datePublished\":\"2025-05-15T04:37:49+00:00\",\"dateModified\":\"2026-04-29T05:04:38+00:00\",\"description\":\"Enjoy the ultimate day of fun with our TOP rated Pula kayak tour Blue cave with snorkeling . Immerse yourself in pristine nature of Pula coastline.\",\"breadcrumb\":{\"@id\":\"https:\\\/\\\/www.gotoistria.com\\\/tour\\\/brijuni-kayak-tour\\\/#breadcrumb\"},\"inLanguage\":\"hr\",\"potentialAction\":[{\"@type\":\"ReadAction\",\"target\":[\"https:\\\/\\\/www.gotoistria.com\\\/tour\\\/brijuni-kayak-tour\\\/\"]}]},{\"@type\":\"ImageObject\",\"inLanguage\":\"hr\",\"@id\":\"https:\\\/\\\/www.gotoistria.com\\\/tour\\\/brijuni-kayak-tour\\\/#primaryimage\",\"url\":\"https:\\\/\\\/www.gotoistria.com\\\/wp-content\\\/uploads\\\/2025\\\/05\\\/Brijuni-Kayak-Tour-with-Full-Day-Access-to-Safari-Park-Museums-Beaches-1.jpg\",\"contentUrl\":\"https:\\\/\\\/www.gotoistria.com\\\/wp-content\\\/uploads\\\/2025\\\/05\\\/Brijuni-Kayak-Tour-with-Full-Day-Access-to-Safari-Park-Museums-Beaches-1.jpg\",\"width\":1920,\"height\":894},{\"@type\":\"BreadcrumbList\",\"@id\":\"https:\\\/\\\/www.gotoistria.com\\\/tour\\\/brijuni-kayak-tour\\\/#breadcrumb\",\"itemListElement\":[{\"@type\":\"ListItem\",\"position\":1,\"name\":\"Home\",\"item\":\"https:\\\/\\\/www.gotoistria.com\\\/\"},{\"@type\":\"ListItem\",\"position\":2,\"name\":\"Istria Kayak and Outdoor Tours\",\"item\":\"https:\\\/\\\/www.gotoistria.com\\\/?page_id=2019\"},{\"@type\":\"ListItem\",\"position\":3,\"name\":\"Kayak tours\",\"item\":\"https:\\\/\\\/www.gotoistria.com\\\/cat\\\/kayak-tours\\\/\"},{\"@type\":\"ListItem\",\"position\":4,\"name\":\"Brijuni Kayak Tour with Full-Day Access to Safari Park, Museums &#038; Beaches\"}]},{\"@type\":\"WebSite\",\"@id\":\"https:\\\/\\\/www.gotoistria.com\\\/#website\",\"url\":\"https:\\\/\\\/www.gotoistria.com\\\/\",\"name\":\"Go To Istria\",\"description\":\"Enjoy the best if Istria | Sports, kayak tours, adventure tours in Pula, Istria\",\"publisher\":{\"@id\":\"https:\\\/\\\/www.gotoistria.com\\\/#organization\"},\"potentialAction\":[{\"@type\":\"SearchAction\",\"target\":{\"@type\":\"EntryPoint\",\"urlTemplate\":\"https:\\\/\\\/www.gotoistria.com\\\/?s={search_term_string}\"},\"query-input\":{\"@type\":\"PropertyValueSpecification\",\"valueRequired\":true,\"valueName\":\"search_term_string\"}}],\"inLanguage\":\"hr\"},{\"@type\":\"Organization\",\"@id\":\"https:\\\/\\\/www.gotoistria.com\\\/#organization\",\"name\":\"TOP kayak tour Pula - Go To Istria\",\"alternateName\":\"GoToIstria\",\"url\":\"https:\\\/\\\/www.gotoistria.com\\\/\",\"logo\":{\"@type\":\"ImageObject\",\"inLanguage\":\"hr\",\"@id\":\"https:\\\/\\\/www.gotoistria.com\\\/#\\\/schema\\\/logo\\\/image\\\/\",\"url\":\"https:\\\/\\\/www.gotoistria.com\\\/wp-content\\\/uploads\\\/2022\\\/05\\\/favicon-go-to-istria-1.svg\",\"contentUrl\":\"https:\\\/\\\/www.gotoistria.com\\\/wp-content\\\/uploads\\\/2022\\\/05\\\/favicon-go-to-istria-1.svg\",\"width\":100,\"height\":100,\"caption\":\"TOP kayak tour Pula - Go To Istria\"},\"image\":{\"@id\":\"https:\\\/\\\/www.gotoistria.com\\\/#\\\/schema\\\/logo\\\/image\\\/\"},\"sameAs\":[\"https:\\\/\\\/www.facebook.com\\\/gotoistria\",\"https:\\\/\\\/www.tripadvisor.com\\\/Attraction_Review-g295373-d23963090-Reviews-Go_To_Istria-Pula_Istria.html\",\"https:\\\/\\\/www.instagram.com\\\/gotoistria\\\/\",\"https:\\\/\\\/www.getyourguide.com\\\/go-to-istria-s246981\\\/\"]}]}<\/script>\n<meta property=\"product:price:currency\" content=\"EUR\" \/>\n<meta property=\"og:availability\" content=\"instock\" \/>\n<meta property=\"product:availability\" content=\"instock\" \/>\n<meta property=\"product:condition\" content=\"new\" \/>\n<!-- \/ Yoast SEO Premium plugin. -->","yoast_head_json":{"title":"Kajaka\u0161ki izlet po Brijunima s cjelodnevnim pristupom Safari parku, muzejima i pla\u017eama - Go To Istria","description":"U\u017eivajte u vrhunskom danu zabave uz na\u0161u NAJBOLJE ocijenjenu pulsku kajaka\u0161ku turu Modra \u0161pilja s ronjenjem. Uronite u netaknutu prirodu pulske obale.","robots":{"index":"index","follow":"follow","max-snippet":"max-snippet:-1","max-image-preview":"max-image-preview:large","max-video-preview":"max-video-preview:-1"},"canonical":"https:\/\/www.gotoistria.com\/hr\/turneja\/modra-spilja-kajak-tura-pula-3\/","og_locale":"hr_HR","og_type":"article","og_title":"Brijuni Kayak Tour with Full-Day Access to Safari Park, Museums & Beaches","og_description":"Join a guided kayak tour through Brijuni National Park\u2014paddle to hidden beaches, snorkel in crystal-clear bays, and explore Fort Minor, one of the Adriatic\u2019s largest coastal fortresses. Your ticket includes full-day access to Brijuni\u2019s Safari Park, museums, and beaches.","og_url":"https:\/\/www.gotoistria.com\/hr\/turneja\/modra-spilja-kajak-tura-pula-3\/","og_site_name":"Go To Istria","article_publisher":"https:\/\/www.facebook.com\/gotoistria","article_modified_time":"2026-04-29T05:04:38+00:00","og_image":[{"width":1920,"height":894,"url":"https:\/\/www.gotoistria.com\/wp-content\/uploads\/2025\/05\/Brijuni-Kayak-Tour-with-Full-Day-Access-to-Safari-Park-Museums-Beaches-1.jpg","type":"image\/jpeg"}],"schema":{"@context":"https:\/\/schema.org","@graph":[{"@type":"WebPage","@id":"https:\/\/www.gotoistria.com\/tour\/brijuni-kayak-tour\/","url":"https:\/\/www.gotoistria.com\/tour\/brijuni-kayak-tour\/","name":"Kajaka\u0161ki izlet po Brijunima s cjelodnevnim pristupom Safari parku, muzejima i pla\u017eama - Go To Istria","isPartOf":{"@id":"https:\/\/www.gotoistria.com\/#website"},"primaryImageOfPage":{"@id":"https:\/\/www.gotoistria.com\/tour\/brijuni-kayak-tour\/#primaryimage"},"image":{"@id":"https:\/\/www.gotoistria.com\/tour\/brijuni-kayak-tour\/#primaryimage"},"thumbnailUrl":"https:\/\/www.gotoistria.com\/wp-content\/uploads\/2025\/05\/Brijuni-Kayak-Tour-with-Full-Day-Access-to-Safari-Park-Museums-Beaches-1.jpg","datePublished":"2025-05-15T04:37:49+00:00","dateModified":"2026-04-29T05:04:38+00:00","description":"U\u017eivajte u vrhunskom danu zabave uz na\u0161u NAJBOLJE ocijenjenu pulsku kajaka\u0161ku turu Modra \u0161pilja s ronjenjem. Uronite u netaknutu prirodu pulske obale.","breadcrumb":{"@id":"https:\/\/www.gotoistria.com\/tour\/brijuni-kayak-tour\/#breadcrumb"},"inLanguage":"hr","potentialAction":[{"@type":"ReadAction","target":["https:\/\/www.gotoistria.com\/tour\/brijuni-kayak-tour\/"]}]},{"@type":"ImageObject","inLanguage":"hr","@id":"https:\/\/www.gotoistria.com\/tour\/brijuni-kayak-tour\/#primaryimage","url":"https:\/\/www.gotoistria.com\/wp-content\/uploads\/2025\/05\/Brijuni-Kayak-Tour-with-Full-Day-Access-to-Safari-Park-Museums-Beaches-1.jpg","contentUrl":"https:\/\/www.gotoistria.com\/wp-content\/uploads\/2025\/05\/Brijuni-Kayak-Tour-with-Full-Day-Access-to-Safari-Park-Museums-Beaches-1.jpg","width":1920,"height":894},{"@type":"BreadcrumbList","@id":"https:\/\/www.gotoistria.com\/tour\/brijuni-kayak-tour\/#breadcrumb","itemListElement":[{"@type":"ListItem","position":1,"name":"Home","item":"https:\/\/www.gotoistria.com\/"},{"@type":"ListItem","position":2,"name":"Istria Kayak and Outdoor Tours","item":"https:\/\/www.gotoistria.com\/?page_id=2019"},{"@type":"ListItem","position":3,"name":"Kayak tours","item":"https:\/\/www.gotoistria.com\/cat\/kayak-tours\/"},{"@type":"ListItem","position":4,"name":"Brijuni Kayak Tour with Full-Day Access to Safari Park, Museums &#038; Beaches"}]},{"@type":"WebSite","@id":"https:\/\/www.gotoistria.com\/#website","url":"https:\/\/www.gotoistria.com\/","name":"Go To Istria","description":"U\u017eivajte u najboljem ako Istra | Sportske, kajaka\u0161ke ture, avanturisti\u010dke ture u Puli, Istri","publisher":{"@id":"https:\/\/www.gotoistria.com\/#organization"},"potentialAction":[{"@type":"SearchAction","target":{"@type":"EntryPoint","urlTemplate":"https:\/\/www.gotoistria.com\/?s={search_term_string}"},"query-input":{"@type":"PropertyValueSpecification","valueRequired":true,"valueName":"search_term_string"}}],"inLanguage":"hr"},{"@type":"Organization","@id":"https:\/\/www.gotoistria.com\/#organization","name":"TOP kajak tura Pula - Go To Istria","alternateName":"GoToIstria","url":"https:\/\/www.gotoistria.com\/","logo":{"@type":"ImageObject","inLanguage":"hr","@id":"https:\/\/www.gotoistria.com\/#\/schema\/logo\/image\/","url":"https:\/\/www.gotoistria.com\/wp-content\/uploads\/2022\/05\/favicon-go-to-istria-1.svg","contentUrl":"https:\/\/www.gotoistria.com\/wp-content\/uploads\/2022\/05\/favicon-go-to-istria-1.svg","width":100,"height":100,"caption":"TOP kayak tour Pula - Go To Istria"},"image":{"@id":"https:\/\/www.gotoistria.com\/#\/schema\/logo\/image\/"},"sameAs":["https:\/\/www.facebook.com\/gotoistria","https:\/\/www.tripadvisor.com\/Attraction_Review-g295373-d23963090-Reviews-Go_To_Istria-Pula_Istria.html","https:\/\/www.instagram.com\/gotoistria\/","https:\/\/www.getyourguide.com\/go-to-istria-s246981\/"]}]},"product_price_currency":"EUR","og_availability":"instock","product_availability":"instock","product_condition":"new"},"_links":{"self":[{"href":"https:\/\/www.gotoistria.com\/hr\/wp-json\/wp\/v2\/product\/11829","targetHints":{"allow":["GET"]}}],"collection":[{"href":"https:\/\/www.gotoistria.com\/hr\/wp-json\/wp\/v2\/product"}],"about":[{"href":"https:\/\/www.gotoistria.com\/hr\/wp-json\/wp\/v2\/types\/product"}],"replies":[{"embeddable":true,"href":"https:\/\/www.gotoistria.com\/hr\/wp-json\/wp\/v2\/comments?post=11829"}],"version-history":[{"count":47,"href":"https:\/\/www.gotoistria.com\/hr\/wp-json\/wp\/v2\/product\/11829\/revisions"}],"predecessor-version":[{"id":13003,"href":"https:\/\/www.gotoistria.com\/hr\/wp-json\/wp\/v2\/product\/11829\/revisions\/13003"}],"wp:featuredmedia":[{"embeddable":true,"href":"https:\/\/www.gotoistria.com\/hr\/wp-json\/wp\/v2\/media\/11840"}],"wp:attachment":[{"href":"https:\/\/www.gotoistria.com\/hr\/wp-json\/wp\/v2\/media?parent=11829"}],"wp:term":[{"taxonomy":"product_brand","embeddable":true,"href":"https:\/\/www.gotoistria.com\/hr\/wp-json\/wp\/v2\/product_brand?post=11829"},{"taxonomy":"product_cat","embeddable":true,"href":"https:\/\/www.gotoistria.com\/hr\/wp-json\/wp\/v2\/product_cat?post=11829"},{"taxonomy":"product_tag","embeddable":true,"href":"https:\/\/www.gotoistria.com\/hr\/wp-json\/wp\/v2\/product_tag?post=11829"}],"curies":[{"name":"radni list","href":"https:\/\/api.w.org\/{rel}","templated":true}]}}