{"id":11829,"date":"2025-05-15T06:37:49","date_gmt":"2025-05-15T04:37:49","guid":{"rendered":"https:\/\/www.gotoistria.com\/?post_type=product&#038;p=11829"},"modified":"2025-07-19T12:41:36","modified_gmt":"2025-07-19T10:41:36","slug":"modra-jeskyne-kajak-tour-pula-4","status":"publish","type":"product","link":"https:\/\/www.gotoistria.com\/cz\/tour\/brijuni-kayak-tour\/","title":{"rendered":"Kajakov\u00fd v\u00fdlet na Brijuni s celodenn\u00edm vstupem do safari parku, muze\u00ed a na pl\u00e1\u017ee"},"content":{"rendered":"<p>Po prohl\u00eddce kajaku s pr\u016fvodcem z\u00edsk\u00e1te vstupenku na celodenn\u00ed pobyt v N\u00e1rodn\u00edm parku Brijuni, jednom z nejunik\u00e1tn\u011bj\u0161\u00edch a historicky nejbohat\u0161\u00edch ostrovn\u00edch m\u00edst Chorvatska. Budete m\u00edt spoustu \u010dasu na vlastn\u00ed prozkoum\u00e1n\u00ed ostrova.<\/p>\n<p>Zde je n\u011bkolik tip\u016f, co d\u011blat po kajak\u00e1\u0159sk\u00e9m v\u00fdletu:<\/p>\n<p>Nav\u0161tivte safari park: Prohl\u00e9dn\u011bte si zbl\u00edzka zebry, lamy, p\u0161trosy a slona. Park je domovem exotick\u00fdch zv\u00ed\u0159at darovan\u00fdch jugosl\u00e1vsk\u00e9mu prezidentovi Titovi z cel\u00e9ho sv\u011bta.<\/p>\n<p>Prozkoumejte muzea: Seznamte se s fascinuj\u00edc\u00ed politickou minulost\u00ed ostrova a jeho n\u00e1v\u0161t\u011bvn\u00edky z \u0159ad celebrit.<\/p>\n<p>P\u0159\u00edrodov\u011bdn\u00e9 muzeum: Objevte fl\u00f3ru, faunu a paleontologickou historii ostrova.<\/p>\n<p>Archeologick\u00e1 nalezi\u0161t\u011b: Nav\u0161tivte ruiny \u0159\u00edmsk\u00fdch vil, ran\u011b k\u0159es\u0165ansk\u00e9 baziliky a starov\u011bk\u00e9 kamenolomy.<\/p>\n<p>Relaxujte na pl\u00e1\u017e\u00edch<br \/>\nZaplavte si v k\u0159i\u0161\u0165\u00e1lov\u011b \u010dist\u00e9 vod\u011b nebo si odpo\u010di\u0148te v jedn\u00e9 z klidn\u00fdch z\u00e1tok Brijuni.<br \/>\nProzkoumejte ostrov vlastn\u00edm tempem \u2013 p\u016fj\u010dovny jsou k dispozici pobl\u00ed\u017e hlavn\u00edho p\u0159\u00edstavu.<\/p>\n<p>Ofici\u00e1ln\u00ed webov\u00e9 str\u00e1nky N\u00e1rodn\u00edho parku Brijuni<\/p>","protected":false},"excerpt":{"rendered":"<p>Z\u00fa\u010dastn\u011bte se kajak\u00e1\u0159sk\u00e9ho v\u00fdletu s pr\u016fvodcem po N\u00e1rodn\u00edm parku Brijuni \u2013 p\u00e1dlujte k skryt\u00fdm pl\u00e1\u017e\u00edm, \u0161norchlujte v k\u0159i\u0161\u0165\u00e1lov\u011b \u010dist\u00fdch z\u00e1tok\u00e1ch a prozkoumejte Fort Minor, jednu z nejv\u011bt\u0161\u00edch pob\u0159e\u017en\u00edch pevnost\u00ed na Jadranu. Va\u0161e vstupenka zahrnuje celodenn\u00ed vstup do safari parku, muze\u00ed a na pl\u00e1\u017ee na Brijuni.<\/p>","protected":false},"featured_media":11840,"comment_status":"open","ping_status":"closed","template":"","meta":{"_acf_changed":false,"inline_featured_image":false},"product_brand":[],"product_cat":[16,26],"product_tag":[43],"class_list":{"0":"post-11829","1":"product","2":"type-product","3":"status-publish","4":"has-post-thumbnail","6":"product_cat-kayak-tours","7":"product_cat-snorkeling-swimming-tour","8":"product_tag-kayak-tour-pula","10":"first","11":"instock","12":"virtual","13":"taxable","14":"product-type-simple"},"acf":[],"yoast_head":"<!-- This site is optimized with the Yoast SEO Premium plugin v26.9 (Yoast SEO v27.4) - https:\/\/yoast.com\/product\/yoast-seo-premium-wordpress\/ -->\n<title>Brijuni Kayak Tour with Full-Day Access to Safari Park, Museums &amp; Beaches - Go To Istria<\/title>\n<meta name=\"description\" content=\"Enjoy the ultimate day of fun with our TOP rated Pula kayak tour Blue cave with snorkeling . Immerse yourself in pristine nature of Pula coastline.\" \/>\n<meta name=\"robots\" content=\"index, follow, max-snippet:-1, max-image-preview:large, max-video-preview:-1\" \/>\n<link rel=\"canonical\" href=\"https:\/\/www.gotoistria.com\/cz\/prohlidka\/modra-jeskyne-kajak-tour-pula-4\/\" \/>\n<meta property=\"og:locale\" content=\"cs_CZ\" \/>\n<meta property=\"og:type\" content=\"article\" \/>\n<meta property=\"og:title\" content=\"Brijuni Kayak Tour with Full-Day Access to Safari Park, Museums &amp; Beaches\" \/>\n<meta property=\"og:description\" content=\"Join a guided kayak tour through Brijuni National Park\u2014paddle to hidden beaches, snorkel in crystal-clear bays, and explore Fort Minor, one of the Adriatic\u2019s largest coastal fortresses. Your ticket includes full-day access to Brijuni\u2019s Safari Park, museums, and beaches.\" \/>\n<meta property=\"og:url\" content=\"https:\/\/www.gotoistria.com\/cz\/prohlidka\/modra-jeskyne-kajak-tour-pula-4\/\" \/>\n<meta property=\"og:site_name\" content=\"Go To Istria\" \/>\n<meta property=\"article:publisher\" content=\"https:\/\/www.facebook.com\/gotoistria\" \/>\n<meta property=\"article:modified_time\" content=\"2025-07-19T10:41:36+00:00\" \/>\n<meta property=\"og:image\" content=\"https:\/\/www.gotoistria.com\/wp-content\/uploads\/2025\/05\/Brijuni-Kayak-Tour-with-Full-Day-Access-to-Safari-Park-Museums-Beaches-1.jpg\" \/>\n\t<meta property=\"og:image:width\" content=\"1920\" \/>\n\t<meta property=\"og:image:height\" content=\"894\" \/>\n\t<meta property=\"og:image:type\" content=\"image\/jpeg\" \/>\n<script type=\"application\/ld+json\" class=\"yoast-schema-graph\">{\"@context\":\"https:\\\/\\\/schema.org\",\"@graph\":[{\"@type\":\"WebPage\",\"@id\":\"https:\\\/\\\/www.gotoistria.com\\\/tour\\\/brijuni-kayak-tour\\\/\",\"url\":\"https:\\\/\\\/www.gotoistria.com\\\/tour\\\/brijuni-kayak-tour\\\/\",\"name\":\"Brijuni Kayak Tour with Full-Day Access to Safari Park, Museums & Beaches - Go To Istria\",\"isPartOf\":{\"@id\":\"https:\\\/\\\/www.gotoistria.com\\\/#website\"},\"primaryImageOfPage\":{\"@id\":\"https:\\\/\\\/www.gotoistria.com\\\/tour\\\/brijuni-kayak-tour\\\/#primaryimage\"},\"image\":{\"@id\":\"https:\\\/\\\/www.gotoistria.com\\\/tour\\\/brijuni-kayak-tour\\\/#primaryimage\"},\"thumbnailUrl\":\"https:\\\/\\\/www.gotoistria.com\\\/wp-content\\\/uploads\\\/2025\\\/05\\\/Brijuni-Kayak-Tour-with-Full-Day-Access-to-Safari-Park-Museums-Beaches-1.jpg\",\"datePublished\":\"2025-05-15T04:37:49+00:00\",\"dateModified\":\"2025-07-19T10:41:36+00:00\",\"description\":\"Enjoy the ultimate day of fun with our TOP rated Pula kayak tour Blue cave with snorkeling . Immerse yourself in pristine nature of Pula coastline.\",\"breadcrumb\":{\"@id\":\"https:\\\/\\\/www.gotoistria.com\\\/tour\\\/brijuni-kayak-tour\\\/#breadcrumb\"},\"inLanguage\":\"cs\",\"potentialAction\":[{\"@type\":\"ReadAction\",\"target\":[\"https:\\\/\\\/www.gotoistria.com\\\/tour\\\/brijuni-kayak-tour\\\/\"]}]},{\"@type\":\"ImageObject\",\"inLanguage\":\"cs\",\"@id\":\"https:\\\/\\\/www.gotoistria.com\\\/tour\\\/brijuni-kayak-tour\\\/#primaryimage\",\"url\":\"https:\\\/\\\/www.gotoistria.com\\\/wp-content\\\/uploads\\\/2025\\\/05\\\/Brijuni-Kayak-Tour-with-Full-Day-Access-to-Safari-Park-Museums-Beaches-1.jpg\",\"contentUrl\":\"https:\\\/\\\/www.gotoistria.com\\\/wp-content\\\/uploads\\\/2025\\\/05\\\/Brijuni-Kayak-Tour-with-Full-Day-Access-to-Safari-Park-Museums-Beaches-1.jpg\",\"width\":1920,\"height\":894},{\"@type\":\"BreadcrumbList\",\"@id\":\"https:\\\/\\\/www.gotoistria.com\\\/tour\\\/brijuni-kayak-tour\\\/#breadcrumb\",\"itemListElement\":[{\"@type\":\"ListItem\",\"position\":1,\"name\":\"Home\",\"item\":\"https:\\\/\\\/www.gotoistria.com\\\/\"},{\"@type\":\"ListItem\",\"position\":2,\"name\":\"Istria Kayak and Outdoor Tours\",\"item\":\"https:\\\/\\\/www.gotoistria.com\\\/?page_id=2019\"},{\"@type\":\"ListItem\",\"position\":3,\"name\":\"Kayak tours\",\"item\":\"https:\\\/\\\/www.gotoistria.com\\\/cat\\\/kayak-tours\\\/\"},{\"@type\":\"ListItem\",\"position\":4,\"name\":\"Brijuni Kayak Tour with Full-Day Access to Safari Park, Museums &#038; Beaches\"}]},{\"@type\":\"WebSite\",\"@id\":\"https:\\\/\\\/www.gotoistria.com\\\/#website\",\"url\":\"https:\\\/\\\/www.gotoistria.com\\\/\",\"name\":\"Go To Istria\",\"description\":\"Enjoy the best if Istria | Sports, kayak tours, adventure tours in Pula, Istria\",\"publisher\":{\"@id\":\"https:\\\/\\\/www.gotoistria.com\\\/#organization\"},\"potentialAction\":[{\"@type\":\"SearchAction\",\"target\":{\"@type\":\"EntryPoint\",\"urlTemplate\":\"https:\\\/\\\/www.gotoistria.com\\\/?s={search_term_string}\"},\"query-input\":{\"@type\":\"PropertyValueSpecification\",\"valueRequired\":true,\"valueName\":\"search_term_string\"}}],\"inLanguage\":\"cs\"},{\"@type\":\"Organization\",\"@id\":\"https:\\\/\\\/www.gotoistria.com\\\/#organization\",\"name\":\"TOP kayak tour Pula - Go To Istria\",\"alternateName\":\"GoToIstria\",\"url\":\"https:\\\/\\\/www.gotoistria.com\\\/\",\"logo\":{\"@type\":\"ImageObject\",\"inLanguage\":\"cs\",\"@id\":\"https:\\\/\\\/www.gotoistria.com\\\/#\\\/schema\\\/logo\\\/image\\\/\",\"url\":\"https:\\\/\\\/www.gotoistria.com\\\/wp-content\\\/uploads\\\/2022\\\/05\\\/favicon-go-to-istria-1.svg\",\"contentUrl\":\"https:\\\/\\\/www.gotoistria.com\\\/wp-content\\\/uploads\\\/2022\\\/05\\\/favicon-go-to-istria-1.svg\",\"width\":100,\"height\":100,\"caption\":\"TOP kayak tour Pula - Go To Istria\"},\"image\":{\"@id\":\"https:\\\/\\\/www.gotoistria.com\\\/#\\\/schema\\\/logo\\\/image\\\/\"},\"sameAs\":[\"https:\\\/\\\/www.facebook.com\\\/gotoistria\",\"https:\\\/\\\/www.tripadvisor.com\\\/Attraction_Review-g295373-d23963090-Reviews-Go_To_Istria-Pula_Istria.html\",\"https:\\\/\\\/www.instagram.com\\\/gotoistria\\\/\",\"https:\\\/\\\/www.getyourguide.com\\\/go-to-istria-s246981\\\/\"]}]}<\/script>\n<meta property=\"product:price:currency\" content=\"EUR\" \/>\n<meta property=\"og:availability\" content=\"instock\" \/>\n<meta property=\"product:availability\" content=\"instock\" \/>\n<meta property=\"product:condition\" content=\"new\" \/>\n<!-- \/ Yoast SEO Premium plugin. -->","yoast_head_json":{"title":"Kajakov\u00fd v\u00fdlet na Brijuni s celodenn\u00edm vstupem do safari parku, muze\u00ed a na pl\u00e1\u017ee - Go To Istria","description":"U\u017eijte si den pln\u00e9 z\u00e1bavy s na\u0161\u00ed NEJLEP\u0160\u00cd hodnocenou kajakovou prohl\u00eddkou v Pule Modr\u00e1 jeskyn\u011b se \u0161norchlov\u00e1n\u00edm. Pono\u0159te se do nedot\u010den\u00e9 p\u0159\u00edrody pob\u0159e\u017e\u00ed Puly.","robots":{"index":"index","follow":"follow","max-snippet":"max-snippet:-1","max-image-preview":"max-image-preview:large","max-video-preview":"max-video-preview:-1"},"canonical":"https:\/\/www.gotoistria.com\/cz\/prohlidka\/modra-jeskyne-kajak-tour-pula-4\/","og_locale":"cs_CZ","og_type":"article","og_title":"Brijuni Kayak Tour with Full-Day Access to Safari Park, Museums & Beaches","og_description":"Join a guided kayak tour through Brijuni National Park\u2014paddle to hidden beaches, snorkel in crystal-clear bays, and explore Fort Minor, one of the Adriatic\u2019s largest coastal fortresses. Your ticket includes full-day access to Brijuni\u2019s Safari Park, museums, and beaches.","og_url":"https:\/\/www.gotoistria.com\/cz\/prohlidka\/modra-jeskyne-kajak-tour-pula-4\/","og_site_name":"Go To Istria","article_publisher":"https:\/\/www.facebook.com\/gotoistria","article_modified_time":"2025-07-19T10:41:36+00:00","og_image":[{"width":1920,"height":894,"url":"https:\/\/www.gotoistria.com\/wp-content\/uploads\/2025\/05\/Brijuni-Kayak-Tour-with-Full-Day-Access-to-Safari-Park-Museums-Beaches-1.jpg","type":"image\/jpeg"}],"schema":{"@context":"https:\/\/schema.org","@graph":[{"@type":"WebPage","@id":"https:\/\/www.gotoistria.com\/tour\/brijuni-kayak-tour\/","url":"https:\/\/www.gotoistria.com\/tour\/brijuni-kayak-tour\/","name":"Kajakov\u00fd v\u00fdlet na Brijuni s celodenn\u00edm vstupem do safari parku, muze\u00ed a na pl\u00e1\u017ee - Go To Istria","isPartOf":{"@id":"https:\/\/www.gotoistria.com\/#website"},"primaryImageOfPage":{"@id":"https:\/\/www.gotoistria.com\/tour\/brijuni-kayak-tour\/#primaryimage"},"image":{"@id":"https:\/\/www.gotoistria.com\/tour\/brijuni-kayak-tour\/#primaryimage"},"thumbnailUrl":"https:\/\/www.gotoistria.com\/wp-content\/uploads\/2025\/05\/Brijuni-Kayak-Tour-with-Full-Day-Access-to-Safari-Park-Museums-Beaches-1.jpg","datePublished":"2025-05-15T04:37:49+00:00","dateModified":"2025-07-19T10:41:36+00:00","description":"U\u017eijte si den pln\u00e9 z\u00e1bavy s na\u0161\u00ed NEJLEP\u0160\u00cd hodnocenou kajakovou prohl\u00eddkou v Pule Modr\u00e1 jeskyn\u011b se \u0161norchlov\u00e1n\u00edm. Pono\u0159te se do nedot\u010den\u00e9 p\u0159\u00edrody pob\u0159e\u017e\u00ed Puly.","breadcrumb":{"@id":"https:\/\/www.gotoistria.com\/tour\/brijuni-kayak-tour\/#breadcrumb"},"inLanguage":"cs","potentialAction":[{"@type":"ReadAction","target":["https:\/\/www.gotoistria.com\/tour\/brijuni-kayak-tour\/"]}]},{"@type":"ImageObject","inLanguage":"cs","@id":"https:\/\/www.gotoistria.com\/tour\/brijuni-kayak-tour\/#primaryimage","url":"https:\/\/www.gotoistria.com\/wp-content\/uploads\/2025\/05\/Brijuni-Kayak-Tour-with-Full-Day-Access-to-Safari-Park-Museums-Beaches-1.jpg","contentUrl":"https:\/\/www.gotoistria.com\/wp-content\/uploads\/2025\/05\/Brijuni-Kayak-Tour-with-Full-Day-Access-to-Safari-Park-Museums-Beaches-1.jpg","width":1920,"height":894},{"@type":"BreadcrumbList","@id":"https:\/\/www.gotoistria.com\/tour\/brijuni-kayak-tour\/#breadcrumb","itemListElement":[{"@type":"ListItem","position":1,"name":"Home","item":"https:\/\/www.gotoistria.com\/"},{"@type":"ListItem","position":2,"name":"Istria Kayak and Outdoor Tours","item":"https:\/\/www.gotoistria.com\/?page_id=2019"},{"@type":"ListItem","position":3,"name":"Kayak tours","item":"https:\/\/www.gotoistria.com\/cat\/kayak-tours\/"},{"@type":"ListItem","position":4,"name":"Brijuni Kayak Tour with Full-Day Access to Safari Park, Museums &#038; Beaches"}]},{"@type":"WebSite","@id":"https:\/\/www.gotoistria.com\/#website","url":"https:\/\/www.gotoistria.com\/","name":"Go To Istria","description":"U\u017eijte si to nejlep\u0161\u00ed, kdy\u017e Istrie | Sport, v\u00fdlety na kajaku, dobrodru\u017en\u00e9 v\u00fdlety v Pule na Istrii","publisher":{"@id":"https:\/\/www.gotoistria.com\/#organization"},"potentialAction":[{"@type":"SearchAction","target":{"@type":"EntryPoint","urlTemplate":"https:\/\/www.gotoistria.com\/?s={search_term_string}"},"query-input":{"@type":"PropertyValueSpecification","valueRequired":true,"valueName":"search_term_string"}}],"inLanguage":"cs"},{"@type":"Organization","@id":"https:\/\/www.gotoistria.com\/#organization","name":"TOP kajak tour Pula - Go To Istria","alternateName":"GoToIstria","url":"https:\/\/www.gotoistria.com\/","logo":{"@type":"ImageObject","inLanguage":"cs","@id":"https:\/\/www.gotoistria.com\/#\/schema\/logo\/image\/","url":"https:\/\/www.gotoistria.com\/wp-content\/uploads\/2022\/05\/favicon-go-to-istria-1.svg","contentUrl":"https:\/\/www.gotoistria.com\/wp-content\/uploads\/2022\/05\/favicon-go-to-istria-1.svg","width":100,"height":100,"caption":"TOP kayak tour Pula - Go To Istria"},"image":{"@id":"https:\/\/www.gotoistria.com\/#\/schema\/logo\/image\/"},"sameAs":["https:\/\/www.facebook.com\/gotoistria","https:\/\/www.tripadvisor.com\/Attraction_Review-g295373-d23963090-Reviews-Go_To_Istria-Pula_Istria.html","https:\/\/www.instagram.com\/gotoistria\/","https:\/\/www.getyourguide.com\/go-to-istria-s246981\/"]}]},"product_price_currency":"EUR","og_availability":"instock","product_availability":"instock","product_condition":"new"},"_links":{"self":[{"href":"https:\/\/www.gotoistria.com\/cz\/wp-json\/wp\/v2\/product\/11829","targetHints":{"allow":["GET"]}}],"collection":[{"href":"https:\/\/www.gotoistria.com\/cz\/wp-json\/wp\/v2\/product"}],"about":[{"href":"https:\/\/www.gotoistria.com\/cz\/wp-json\/wp\/v2\/types\/product"}],"replies":[{"embeddable":true,"href":"https:\/\/www.gotoistria.com\/cz\/wp-json\/wp\/v2\/comments?post=11829"}],"version-history":[{"count":44,"href":"https:\/\/www.gotoistria.com\/cz\/wp-json\/wp\/v2\/product\/11829\/revisions"}],"predecessor-version":[{"id":12752,"href":"https:\/\/www.gotoistria.com\/cz\/wp-json\/wp\/v2\/product\/11829\/revisions\/12752"}],"wp:featuredmedia":[{"embeddable":true,"href":"https:\/\/www.gotoistria.com\/cz\/wp-json\/wp\/v2\/media\/11840"}],"wp:attachment":[{"href":"https:\/\/www.gotoistria.com\/cz\/wp-json\/wp\/v2\/media?parent=11829"}],"wp:term":[{"taxonomy":"product_brand","embeddable":true,"href":"https:\/\/www.gotoistria.com\/cz\/wp-json\/wp\/v2\/product_brand?post=11829"},{"taxonomy":"product_cat","embeddable":true,"href":"https:\/\/www.gotoistria.com\/cz\/wp-json\/wp\/v2\/product_cat?post=11829"},{"taxonomy":"product_tag","embeddable":true,"href":"https:\/\/www.gotoistria.com\/cz\/wp-json\/wp\/v2\/product_tag?post=11829"}],"curies":[{"name":"wp","href":"https:\/\/api.w.org\/{rel}","templated":true}]}}