{"id":1933,"date":"2021-05-16T07:31:19","date_gmt":"2021-05-16T07:31:19","guid":{"rendered":"https:\/\/www.gotoistria.com\/?page_id=1933"},"modified":"2025-07-06T23:01:15","modified_gmt":"2025-07-06T21:01:15","slug":"recenze","status":"publish","type":"page","link":"https:\/\/www.gotoistria.com\/cz\/reviews\/","title":{"rendered":"Recenze na kajakov\u00fd v\u00fdlet Pula"},"content":{"rendered":"<div data-elementor-type=\"wp-page\" data-elementor-id=\"1933\" class=\"elementor elementor-1933\" data-elementor-post-type=\"page\">\n\t\t\t\t<div class=\"elementor-element elementor-element-29f1842 e-flex e-con-boxed e-con e-parent\" data-id=\"29f1842\" data-element_type=\"container\" data-e-type=\"container\" data-settings=\"{&quot;background_background&quot;:&quot;classic&quot;}\">\n\t\t\t\t\t<div class=\"e-con-inner\">\n\t\t<div class=\"elementor-element elementor-element-a0819ca e-con-full e-flex e-con e-child\" data-id=\"a0819ca\" data-element_type=\"container\" data-e-type=\"container\">\n\t\t<div class=\"elementor-element elementor-element-783739e e-con-full e-flex e-con e-child\" data-id=\"783739e\" data-element_type=\"container\" data-e-type=\"container\">\n\t\t\t\t<div class=\"elementor-element elementor-element-6fedbf6 elementor-widget__width-initial elementor-widget elementor-widget-heading\" data-id=\"6fedbf6\" data-element_type=\"widget\" data-e-type=\"widget\" data-widget_type=\"heading.default\">\n\t\t\t\t<div class=\"elementor-widget-container\">\n\t\t\t\t\t<h1 class=\"elementor-heading-title elementor-size-default\">Recenze na kajakov\u00fd v\u00fdlet Pula<\/h1>\t\t\t\t<\/div>\n\t\t\t\t<\/div>\n\t\t\t\t<div class=\"elementor-element elementor-element-cb35bc6 elementor-widget elementor-widget-text-editor\" data-id=\"cb35bc6\" data-element_type=\"widget\" data-e-type=\"widget\" data-widget_type=\"text-editor.default\">\n\t\t\t\t<div class=\"elementor-widget-container\">\n\t\t\t\t\t\t\t\t\t<p>Zjist\u011bte, pro\u010d je GoToIstria p\u0159edn\u00ed volbou pro kajak\u00e1\u0159sk\u00e9 v\u00fdlety v Pule. P\u0159e\u010dt\u011bte si recenze kajak\u00e1\u0159sk\u00fdch v\u00fdlet\u016f v Pule a p\u0159ipojte se k n\u00e1m na cestu pod\u00e9l \u00fachvatn\u00e9ho pob\u0159e\u017e\u00ed Puly s na\u0161imi odborn\u00fdmi pr\u016fvodci, kte\u0159\u00ed se v\u011bnuj\u00ed poskytov\u00e1n\u00ed bezkonkuren\u010dn\u00edho z\u00e1\u017eitku z kajakov\u00e1n\u00ed.<\/p><p><strong> P\u0159e\u010dt\u011bte si nejlep\u0161\u00ed recenze na kajak\u00e1\u0159sk\u00fdch v\u00fdletech v Pule od Googlu, GetYourGuide a Viatora<\/strong><\/p>\t\t\t\t\t\t\t\t<\/div>\n\t\t\t\t<\/div>\n\t\t<div class=\"elementor-element elementor-element-c11137a e-flex e-con-boxed e-con e-child\" data-id=\"c11137a\" data-element_type=\"container\" data-e-type=\"container\">\n\t\t\t\t\t<div class=\"e-con-inner\">\n\t\t\t\t<div class=\"elementor-element elementor-element-eca6168 elementor-mobile-align-justify elementor-widget elementor-widget-button\" data-id=\"eca6168\" data-element_type=\"widget\" data-e-type=\"widget\" data-widget_type=\"button.default\">\n\t\t\t\t<div class=\"elementor-widget-container\">\n\t\t\t\t\t\t\t\t\t<div class=\"elementor-button-wrapper\">\n\t\t\t\t\t<a class=\"elementor-button elementor-button-link elementor-size-sm\" href=\"https:\/\/www.gotoistria.com\/cz\/vylety-na-kajaku\/\">\n\t\t\t\t\t\t<span class=\"elementor-button-content-wrapper\">\n\t\t\t\t\t\t\t\t\t<span class=\"elementor-button-text\">V\u0161echny z\u00e1jezdy<\/span>\n\t\t\t\t\t<\/span>\n\t\t\t\t\t<\/a>\n\t\t\t\t<\/div>\n\t\t\t\t\t\t\t\t<\/div>\n\t\t\t\t<\/div>\n\t\t\t\t<div class=\"elementor-element elementor-element-7c7274a elementor-mobile-align-center elementor-widget elementor-widget-button\" data-id=\"7c7274a\" data-element_type=\"widget\" data-e-type=\"widget\" data-widget_type=\"button.default\">\n\t\t\t\t<div class=\"elementor-widget-container\">\n\t\t\t\t\t\t\t\t\t<div class=\"elementor-button-wrapper\">\n\t\t\t\t\t<a class=\"elementor-button elementor-button-link elementor-size-sm\" href=\"tel:+385%2098%2044%2077%2041\">\n\t\t\t\t\t\t<span class=\"elementor-button-content-wrapper\">\n\t\t\t\t\t\t\t\t\t<span class=\"elementor-button-text\">+385 98 44 77 41<\/span>\n\t\t\t\t\t<\/span>\n\t\t\t\t\t<\/a>\n\t\t\t\t<\/div>\n\t\t\t\t\t\t\t\t<\/div>\n\t\t\t\t<\/div>\n\t\t\t\t\t<\/div>\n\t\t\t\t<\/div>\n\t\t\t\t<\/div>\n\t\t\t\t<\/div>\n\t\t\t\t\t<\/div>\n\t\t\t\t<\/div>\n\t\t<div class=\"elementor-element elementor-element-eac78c4 e-flex e-con-boxed e-con e-parent\" data-id=\"eac78c4\" data-element_type=\"container\" data-e-type=\"container\">\n\t\t\t\t\t<div class=\"e-con-inner\">\n\t\t<div class=\"elementor-element elementor-element-5a95b25 e-con-full e-flex e-con e-child\" data-id=\"5a95b25\" data-element_type=\"container\" data-e-type=\"container\">\n\t\t\t\t<div class=\"elementor-element elementor-element-1945b64 elementor-widget elementor-widget-html\" data-id=\"1945b64\" data-element_type=\"widget\" data-e-type=\"widget\" data-widget_type=\"html.default\">\n\t\t\t\t<div class=\"elementor-widget-container\">\n\t\t\t\t\t<script src='https:\/\/cdn.trustindex.io\/loader.js?cc2e5723090959320e765d4f835'><\/script>\t\t\t\t<\/div>\n\t\t\t\t<\/div>\n\t\t\t\t<\/div>\n\t\t\t\t\t<\/div>\n\t\t\t\t<\/div>\n\t\t\t\t<\/div>","protected":false},"excerpt":{"rendered":"<p>Kayak tour Pula reviews Discover why GoToIstria is the leading choice for kayak tours in Pula. Read kayak tour pula reviews and join us for a journey along the stunning Pula coastline with our expert guides who are dedicated to providing an unparalleled kayaking experience. Read the top Google, GetYourGuide &amp;amp; Viator reviews for Kayak [&hellip;]<\/p>\n","protected":false},"author":1,"featured_media":0,"parent":0,"menu_order":0,"comment_status":"closed","ping_status":"closed","template":"","meta":{"_acf_changed":false,"inline_featured_image":false,"footnotes":""},"class_list":["post-1933","page","type-page","status-publish","hentry"],"acf":[],"yoast_head":"<!-- This site is optimized with the Yoast SEO Premium plugin v26.9 (Yoast SEO v27.4) - https:\/\/yoast.com\/product\/yoast-seo-premium-wordpress\/ -->\n<title>Kayak tour Pula reviews - Go To Istria<\/title>\n<meta name=\"robots\" content=\"index, follow, max-snippet:-1, max-image-preview:large, max-video-preview:-1\" \/>\n<link rel=\"canonical\" href=\"https:\/\/www.gotoistria.com\/cz\/recenze\/\" \/>\n<meta property=\"og:locale\" content=\"cs_CZ\" \/>\n<meta property=\"og:type\" content=\"article\" \/>\n<meta property=\"og:title\" content=\"Kayak tour Pula reviews\" \/>\n<meta property=\"og:description\" content=\"Kayak tour Pula reviews Discover why GoToIstria is the leading choice for kayak tours in Pula. Read kayak tour pula reviews and join us for a journey\" \/>\n<meta property=\"og:url\" content=\"https:\/\/www.gotoistria.com\/cz\/recenze\/\" \/>\n<meta property=\"og:site_name\" content=\"Go To Istria\" \/>\n<meta property=\"article:publisher\" content=\"https:\/\/www.facebook.com\/gotoistria\" \/>\n<meta property=\"article:modified_time\" content=\"2025-07-06T21:01:15+00:00\" \/>\n<script type=\"application\/ld+json\" class=\"yoast-schema-graph\">{\"@context\":\"https:\\\/\\\/schema.org\",\"@graph\":[{\"@type\":\"WebPage\",\"@id\":\"https:\\\/\\\/www.gotoistria.com\\\/reviews\\\/\",\"url\":\"https:\\\/\\\/www.gotoistria.com\\\/reviews\\\/\",\"name\":\"Kayak tour Pula reviews - Go To Istria\",\"isPartOf\":{\"@id\":\"https:\\\/\\\/www.gotoistria.com\\\/#website\"},\"datePublished\":\"2021-05-16T07:31:19+00:00\",\"dateModified\":\"2025-07-06T21:01:15+00:00\",\"breadcrumb\":{\"@id\":\"https:\\\/\\\/www.gotoistria.com\\\/reviews\\\/#breadcrumb\"},\"inLanguage\":\"cs\",\"potentialAction\":[{\"@type\":\"ReadAction\",\"target\":[\"https:\\\/\\\/www.gotoistria.com\\\/reviews\\\/\"]}]},{\"@type\":\"BreadcrumbList\",\"@id\":\"https:\\\/\\\/www.gotoistria.com\\\/reviews\\\/#breadcrumb\",\"itemListElement\":[{\"@type\":\"ListItem\",\"position\":1,\"name\":\"Home\",\"item\":\"https:\\\/\\\/www.gotoistria.com\\\/\"},{\"@type\":\"ListItem\",\"position\":2,\"name\":\"Kayak tour Pula reviews\"}]},{\"@type\":\"WebSite\",\"@id\":\"https:\\\/\\\/www.gotoistria.com\\\/#website\",\"url\":\"https:\\\/\\\/www.gotoistria.com\\\/\",\"name\":\"Go To Istria\",\"description\":\"Enjoy the best if Istria | Sports, kayak tours, adventure tours in Pula, Istria\",\"publisher\":{\"@id\":\"https:\\\/\\\/www.gotoistria.com\\\/#organization\"},\"potentialAction\":[{\"@type\":\"SearchAction\",\"target\":{\"@type\":\"EntryPoint\",\"urlTemplate\":\"https:\\\/\\\/www.gotoistria.com\\\/?s={search_term_string}\"},\"query-input\":{\"@type\":\"PropertyValueSpecification\",\"valueRequired\":true,\"valueName\":\"search_term_string\"}}],\"inLanguage\":\"cs\"},{\"@type\":\"Organization\",\"@id\":\"https:\\\/\\\/www.gotoistria.com\\\/#organization\",\"name\":\"TOP kayak tour Pula - Go To Istria\",\"alternateName\":\"GoToIstria\",\"url\":\"https:\\\/\\\/www.gotoistria.com\\\/\",\"logo\":{\"@type\":\"ImageObject\",\"inLanguage\":\"cs\",\"@id\":\"https:\\\/\\\/www.gotoistria.com\\\/#\\\/schema\\\/logo\\\/image\\\/\",\"url\":\"https:\\\/\\\/www.gotoistria.com\\\/wp-content\\\/uploads\\\/2022\\\/05\\\/favicon-go-to-istria-1.svg\",\"contentUrl\":\"https:\\\/\\\/www.gotoistria.com\\\/wp-content\\\/uploads\\\/2022\\\/05\\\/favicon-go-to-istria-1.svg\",\"width\":100,\"height\":100,\"caption\":\"TOP kayak tour Pula - Go To Istria\"},\"image\":{\"@id\":\"https:\\\/\\\/www.gotoistria.com\\\/#\\\/schema\\\/logo\\\/image\\\/\"},\"sameAs\":[\"https:\\\/\\\/www.facebook.com\\\/gotoistria\",\"https:\\\/\\\/www.tripadvisor.com\\\/Attraction_Review-g295373-d23963090-Reviews-Go_To_Istria-Pula_Istria.html\",\"https:\\\/\\\/www.instagram.com\\\/gotoistria\\\/\",\"https:\\\/\\\/www.getyourguide.com\\\/go-to-istria-s246981\\\/\"]}]}<\/script>\n<!-- \/ Yoast SEO Premium plugin. -->","yoast_head_json":{"title":"Recenze na kajaku Pula - Go To Istria","robots":{"index":"index","follow":"follow","max-snippet":"max-snippet:-1","max-image-preview":"max-image-preview:large","max-video-preview":"max-video-preview:-1"},"canonical":"https:\/\/www.gotoistria.com\/cz\/recenze\/","og_locale":"cs_CZ","og_type":"article","og_title":"Kayak tour Pula reviews","og_description":"Kayak tour Pula reviews Discover why GoToIstria is the leading choice for kayak tours in Pula. Read kayak tour pula reviews and join us for a journey","og_url":"https:\/\/www.gotoistria.com\/cz\/recenze\/","og_site_name":"Go To Istria","article_publisher":"https:\/\/www.facebook.com\/gotoistria","article_modified_time":"2025-07-06T21:01:15+00:00","schema":{"@context":"https:\/\/schema.org","@graph":[{"@type":"WebPage","@id":"https:\/\/www.gotoistria.com\/reviews\/","url":"https:\/\/www.gotoistria.com\/reviews\/","name":"Recenze na kajaku Pula - Go To Istria","isPartOf":{"@id":"https:\/\/www.gotoistria.com\/#website"},"datePublished":"2021-05-16T07:31:19+00:00","dateModified":"2025-07-06T21:01:15+00:00","breadcrumb":{"@id":"https:\/\/www.gotoistria.com\/reviews\/#breadcrumb"},"inLanguage":"cs","potentialAction":[{"@type":"ReadAction","target":["https:\/\/www.gotoistria.com\/reviews\/"]}]},{"@type":"BreadcrumbList","@id":"https:\/\/www.gotoistria.com\/reviews\/#breadcrumb","itemListElement":[{"@type":"ListItem","position":1,"name":"Home","item":"https:\/\/www.gotoistria.com\/"},{"@type":"ListItem","position":2,"name":"Kayak tour Pula reviews"}]},{"@type":"WebSite","@id":"https:\/\/www.gotoistria.com\/#website","url":"https:\/\/www.gotoistria.com\/","name":"Go To Istria","description":"U\u017eijte si to nejlep\u0161\u00ed, kdy\u017e Istrie | Sport, v\u00fdlety na kajaku, dobrodru\u017en\u00e9 v\u00fdlety v Pule na Istrii","publisher":{"@id":"https:\/\/www.gotoistria.com\/#organization"},"potentialAction":[{"@type":"SearchAction","target":{"@type":"EntryPoint","urlTemplate":"https:\/\/www.gotoistria.com\/?s={search_term_string}"},"query-input":{"@type":"PropertyValueSpecification","valueRequired":true,"valueName":"search_term_string"}}],"inLanguage":"cs"},{"@type":"Organization","@id":"https:\/\/www.gotoistria.com\/#organization","name":"TOP kajak tour Pula - Go To Istria","alternateName":"GoToIstria","url":"https:\/\/www.gotoistria.com\/","logo":{"@type":"ImageObject","inLanguage":"cs","@id":"https:\/\/www.gotoistria.com\/#\/schema\/logo\/image\/","url":"https:\/\/www.gotoistria.com\/wp-content\/uploads\/2022\/05\/favicon-go-to-istria-1.svg","contentUrl":"https:\/\/www.gotoistria.com\/wp-content\/uploads\/2022\/05\/favicon-go-to-istria-1.svg","width":100,"height":100,"caption":"TOP kayak tour Pula - Go To Istria"},"image":{"@id":"https:\/\/www.gotoistria.com\/#\/schema\/logo\/image\/"},"sameAs":["https:\/\/www.facebook.com\/gotoistria","https:\/\/www.tripadvisor.com\/Attraction_Review-g295373-d23963090-Reviews-Go_To_Istria-Pula_Istria.html","https:\/\/www.instagram.com\/gotoistria\/","https:\/\/www.getyourguide.com\/go-to-istria-s246981\/"]}]}},"_links":{"self":[{"href":"https:\/\/www.gotoistria.com\/cz\/wp-json\/wp\/v2\/pages\/1933","targetHints":{"allow":["GET"]}}],"collection":[{"href":"https:\/\/www.gotoistria.com\/cz\/wp-json\/wp\/v2\/pages"}],"about":[{"href":"https:\/\/www.gotoistria.com\/cz\/wp-json\/wp\/v2\/types\/page"}],"author":[{"embeddable":true,"href":"https:\/\/www.gotoistria.com\/cz\/wp-json\/wp\/v2\/users\/1"}],"replies":[{"embeddable":true,"href":"https:\/\/www.gotoistria.com\/cz\/wp-json\/wp\/v2\/comments?post=1933"}],"version-history":[{"count":67,"href":"https:\/\/www.gotoistria.com\/cz\/wp-json\/wp\/v2\/pages\/1933\/revisions"}],"predecessor-version":[{"id":12695,"href":"https:\/\/www.gotoistria.com\/cz\/wp-json\/wp\/v2\/pages\/1933\/revisions\/12695"}],"wp:attachment":[{"href":"https:\/\/www.gotoistria.com\/cz\/wp-json\/wp\/v2\/media?parent=1933"}],"curies":[{"name":"wp","href":"https:\/\/api.w.org\/{rel}","templated":true}]}}